{"id":8424,"date":"2024-06-07T15:34:28","date_gmt":"2024-06-07T14:34:28","guid":{"rendered":"https:\/\/volfix.net\/?page_id=591"},"modified":"2025-11-10T09:03:14","modified_gmt":"2025-11-10T09:03:14","slug":"trading-gateways-tr","status":"publish","type":"page","link":"https:\/\/volfix.net\/tr\/trading-gateways-tr\/","title":{"rendered":"\u0130\u015flem A\u011f Ge\u00e7itleri"},"content":{"rendered":"\t\t<div data-elementor-type=\"wp-post\" data-elementor-id=\"8424\" class=\"elementor elementor-8424 elementor-591\" data-elementor-post-type=\"page\">\n\t\t\t\t<div class=\"elementor-element elementor-element-700d78e e-con-full e-flex e-con e-parent\" data-id=\"700d78e\" data-element_type=\"container\" data-e-type=\"container\" data-settings=\"{&quot;background_background&quot;:&quot;classic&quot;,&quot;motion_fx_motion_fx_scrolling&quot;:&quot;yes&quot;,&quot;motion_fx_devices&quot;:[&quot;desktop&quot;,&quot;tablet&quot;,&quot;mobile&quot;]}\">\n\t\t<div class=\"elementor-element elementor-element-3d5b341 e-con-full e-flex e-con e-child\" data-id=\"3d5b341\" data-element_type=\"container\" data-e-type=\"container\">\n\t\t\t\t<div class=\"elementor-element elementor-element-a34ffa8 elementor-widget elementor-widget-template\" data-id=\"a34ffa8\" data-element_type=\"widget\" data-e-type=\"widget\" data-widget_type=\"template.default\">\n\t\t\t\t<div class=\"elementor-widget-container\">\n\t\t\t\t\t\t\t<div class=\"elementor-template\">\n\t\t\t\t\t<div data-elementor-type=\"container\" data-elementor-id=\"1533\" class=\"elementor elementor-1533\" data-elementor-post-type=\"elementor_library\">\n\t\t\t\t<div class=\"elementor-element elementor-element-1ddc51c1 e-flex e-con-boxed e-con e-child\" data-id=\"1ddc51c1\" data-element_type=\"container\" data-e-type=\"container\" data-settings=\"{&quot;motion_fx_motion_fx_scrolling&quot;:&quot;yes&quot;,&quot;motion_fx_opacity_effect&quot;:&quot;yes&quot;,&quot;motion_fx_opacity_direction&quot;:&quot;in-out&quot;,&quot;motion_fx_opacity_level&quot;:{&quot;unit&quot;:&quot;px&quot;,&quot;size&quot;:12,&quot;sizes&quot;:[]},&quot;motion_fx_opacity_range&quot;:{&quot;unit&quot;:&quot;%&quot;,&quot;size&quot;:&quot;&quot;,&quot;sizes&quot;:{&quot;start&quot;:98,&quot;end&quot;:99}},&quot;motion_fx_range&quot;:&quot;viewport&quot;,&quot;motion_fx_devices&quot;:[&quot;desktop&quot;,&quot;tablet&quot;,&quot;mobile&quot;]}\">\n\t\t\t\t\t<div class=\"e-con-inner\">\n\t\t\t\t<div class=\"elementor-element elementor-element-46516598 elementor-widget elementor-widget-global elementor-global-1527 elementor-widget-heading\" data-id=\"46516598\" data-element_type=\"widget\" data-e-type=\"widget\" data-widget_type=\"heading.default\">\n\t\t\t\t<div class=\"elementor-widget-container\">\n\t\t\t\t\t<h2 class=\"elementor-heading-title elementor-size-default\">\u0130\u015flem A\u011f Ge\u00e7itleri<\/h2>\t\t\t\t<\/div>\n\t\t\t\t<\/div>\n\t\t\t\t<div class=\"elementor-element elementor-element-492f2761 elementor-widget-divider--view-line elementor-widget elementor-widget-global elementor-global-1470 elementor-widget-divider\" data-id=\"492f2761\" data-element_type=\"widget\" data-e-type=\"widget\" data-widget_type=\"divider.default\">\n\t\t\t\t<div class=\"elementor-widget-container\">\n\t\t\t\t\t\t\t<div class=\"elementor-divider\">\n\t\t\t<span class=\"elementor-divider-separator\">\n\t\t\t\t\t\t<\/span>\n\t\t<\/div>\n\t\t\t\t\t\t<\/div>\n\t\t\t\t<\/div>\n\t\t\t\t<div class=\"elementor-element elementor-element-46368db elementor-widget elementor-widget-global elementor-global-1530 elementor-widget-text-editor\" data-id=\"46368db\" data-element_type=\"widget\" data-e-type=\"widget\" data-widget_type=\"text-editor.default\">\n\t\t\t\t<div class=\"elementor-widget-container\">\n\t\t\t\t\t\t\t\t\t\u0130\u015eLEM MOD\u00dcL\u00dcN\u00dcZ\u00dc DO\u011eRUDAN VER\u0130 AKI\u015eINA BA\u011eLAYIN\t\t\t\t\t\t\t\t<\/div>\n\t\t\t\t<\/div>\n\t\t\t\t\t<\/div>\n\t\t\t\t<\/div>\n\t\t\t\t<\/div>\n\t\t\t\t<\/div>\n\t\t\t\t\t\t<\/div>\n\t\t\t\t<\/div>\n\t\t\t\t<\/div>\n\t\t\t\t<\/div>\n\t\t<div class=\"elementor-element elementor-element-aa98ae5 e-flex e-con-boxed e-con e-parent\" data-id=\"aa98ae5\" data-element_type=\"container\" data-e-type=\"container\">\n\t\t\t\t\t<div class=\"e-con-inner\">\n\t\t<div class=\"elementor-element elementor-element-5f95179 e-con-full e-flex e-con e-child\" data-id=\"5f95179\" data-element_type=\"container\" data-e-type=\"container\">\n\t\t\t\t<div class=\"elementor-element elementor-element-ea2863d elementor-widget elementor-widget-heading\" data-id=\"ea2863d\" data-element_type=\"widget\" data-e-type=\"widget\" data-widget_type=\"heading.default\">\n\t\t\t\t<div class=\"elementor-widget-container\">\n\t\t\t\t\t<h2 class=\"elementor-heading-title elementor-size-default\">KULLANILAB\u0130L\u0130R \u0130\u015eLEM A\u011e GE\u00c7\u0130TLER\u0130<\/h2>\t\t\t\t<\/div>\n\t\t\t\t<\/div>\n\t\t\t\t<div class=\"elementor-element elementor-element-f590bf6 elementor-widget-divider--view-line elementor-widget elementor-widget-divider\" data-id=\"f590bf6\" data-element_type=\"widget\" data-e-type=\"widget\" data-widget_type=\"divider.default\">\n\t\t\t\t<div class=\"elementor-widget-container\">\n\t\t\t\t\t\t\t<div class=\"elementor-divider\">\n\t\t\t<span class=\"elementor-divider-separator\">\n\t\t\t\t\t\t<\/span>\n\t\t<\/div>\n\t\t\t\t\t\t<\/div>\n\t\t\t\t<\/div>\n\t\t\t\t<div class=\"elementor-element elementor-element-0728b75 elementor-widget elementor-widget-heading\" data-id=\"0728b75\" data-element_type=\"widget\" data-e-type=\"widget\" data-widget_type=\"heading.default\">\n\t\t\t\t<div class=\"elementor-widget-container\">\n\t\t\t\t\t<h2 class=\"elementor-heading-title elementor-size-default\">\u0130\u015eLEM MOD\u00dcL\u00dc NASIL BA\u011eLANIR<\/h2>\t\t\t\t<\/div>\n\t\t\t\t<\/div>\n\t\t\t\t<\/div>\n\t\t\t\t<div class=\"elementor-element elementor-element-cad9679 elementor-widget elementor-widget-eael-adv-tabs\" data-id=\"cad9679\" data-element_type=\"widget\" data-e-type=\"widget\" data-widget_type=\"eael-adv-tabs.default\">\n\t\t\t\t<div class=\"elementor-widget-container\">\n\t\t\t\t\t        <div data-scroll-on-click=\"no\" data-scroll-speed=\"300\" id=\"eael-advance-tabs-cad9679\" class=\"eael-advance-tabs eael-tabs-vertical eael-tab-auto-active  active-caret-on\" data-tabid=\"cad9679\">\n            <div class=\"eael-tabs-nav \">\n                <ul class=\"eael-tab-inline-icon\" role=\"tablist\">\n                                            <li id=\"cqg\" class=\"active-default eael-tab-item-trigger eael-tab-nav-item\" aria-selected=\"true\" data-tab=\"1\" role=\"tab\" tabindex=\"0\" aria-controls=\"cqg-tab\" aria-expanded=\"false\">\n                            \n                                                                <svg xmlns=\"http:\/\/www.w3.org\/2000\/svg\" width=\"1em\" height=\"1em\" viewBox=\"0 0 24 24\"><path fill=\"currentColor\" d=\"M10 20a2.98 2.98 0 0 1-2.122-.879C7.312 18.555 7 17.801 7 17s.312-1.555.879-2.122L10.757 12L7.879 9.121C7.312 8.555 7 7.801 7 7s.312-1.555.879-2.122c1.133-1.132 3.109-1.133 4.243.001L19.243 12l-7.122 7.121A2.976 2.976 0 0 1 10 20m0-14a.995.995 0 0 0-1 1c0 .267.104.518.293.707L13.585 12l-4.292 4.293C9.104 16.482 9 16.732 9 17s.104.518.293.707a1.023 1.023 0 0 0 1.414.001L16.415 12l-5.708-5.707A.991.991 0 0 0 10 6\"><\/path><\/svg>                                                            \n                                                            <span class=\"eael-tab-title title-after-icon\" >CQG<\/span>                            \n                                                    <\/li>\n                                            <li id=\"rithmic\" class=\"inactive eael-tab-item-trigger eael-tab-nav-item\" aria-selected=\"false\" data-tab=\"2\" role=\"tab\" tabindex=\"-1\" aria-controls=\"rithmic-tab\" aria-expanded=\"false\">\n                            \n                                                                <svg xmlns=\"http:\/\/www.w3.org\/2000\/svg\" width=\"1em\" height=\"1em\" viewBox=\"0 0 24 24\"><path fill=\"currentColor\" d=\"M10 20a2.98 2.98 0 0 1-2.122-.879C7.312 18.555 7 17.801 7 17s.312-1.555.879-2.122L10.757 12L7.879 9.121C7.312 8.555 7 7.801 7 7s.312-1.555.879-2.122c1.133-1.132 3.109-1.133 4.243.001L19.243 12l-7.122 7.121A2.976 2.976 0 0 1 10 20m0-14a.995.995 0 0 0-1 1c0 .267.104.518.293.707L13.585 12l-4.292 4.293C9.104 16.482 9 16.732 9 17s.104.518.293.707a1.023 1.023 0 0 0 1.414.001L16.415 12l-5.708-5.707A.991.991 0 0 0 10 6\"><\/path><\/svg>                                                            \n                                                            <span class=\"eael-tab-title title-after-icon\" >Rithmic<\/span>                            \n                                                    <\/li>\n                                            <li id=\"binance\" class=\"inactive eael-tab-item-trigger eael-tab-nav-item\" aria-selected=\"false\" data-tab=\"3\" role=\"tab\" tabindex=\"-1\" aria-controls=\"binance-tab\" aria-expanded=\"false\">\n                            \n                                                                <svg xmlns=\"http:\/\/www.w3.org\/2000\/svg\" width=\"1em\" height=\"1em\" viewBox=\"0 0 24 24\"><path fill=\"currentColor\" d=\"M10 20a2.98 2.98 0 0 1-2.122-.879C7.312 18.555 7 17.801 7 17s.312-1.555.879-2.122L10.757 12L7.879 9.121C7.312 8.555 7 7.801 7 7s.312-1.555.879-2.122c1.133-1.132 3.109-1.133 4.243.001L19.243 12l-7.122 7.121A2.976 2.976 0 0 1 10 20m0-14a.995.995 0 0 0-1 1c0 .267.104.518.293.707L13.585 12l-4.292 4.293C9.104 16.482 9 16.732 9 17s.104.518.293.707a1.023 1.023 0 0 0 1.414.001L16.415 12l-5.708-5.707A.991.991 0 0 0 10 6\"><\/path><\/svg>                                                            \n                                                            <span class=\"eael-tab-title title-after-icon\" >Binance<\/span>                            \n                                                    <\/li>\n                    \n                                  <\/ul>\n            <\/div>\n            \n            <div class=\"eael-tabs-content\">\n\t\t        \n                    <div id=\"cqg-tab\" class=\"clearfix eael-tab-content-item active-default\" data-title-link=\"cqg-tab\">\n\t\t\t\t        <p><img decoding=\"async\" class=\"size-medium wp-image-5924\" src=\"https:\/\/volfix.net\/wp-content\/uploads\/2024\/06\/cqg_logo1-300x72-1.jpg\" alt=\"cqg_logo_color_gray\" width=\"300\" height=\"72\" \/><\/p><h5><span style=\"color: #9ca8ae\">Platform, CQG \u00fczerinden emir g\u00f6ndermek i\u00e7in tam kapsaml\u0131 yeteneklere sahiptir<\/span><\/h5><p><a href=\"http:\/\/www.cqg.com\/partners\/fcms\" target=\"_blank\" rel=\"noopener noreferrer\">CQG sa\u011flayan broker listesi<\/a><\/p><p><strong>CQG\u2019ye Ba\u011flanma<\/strong><br \/><strong>1.<\/strong> Market Watch -&gt; setup -&gt; Connections<br \/><strong>2.<\/strong> New -&gt; CQG<br \/><strong>3.<\/strong> CQG hesab\u0131n\u0131z\u0131n giri\u015f (login) ve \u015fifresini girin<br \/><strong>4.<\/strong> Apply\u2019a t\u0131klay\u0131n<br \/><strong>5.<\/strong> Ba\u011flant\u0131 ba\u015far\u0131l\u0131 olunca CQG Connections penceresini kapat\u0131n<br \/><strong>6.<\/strong> Hesap listesinden XXXXX CQG hesab\u0131n\u0131z\u0131 se\u00e7in<br \/><strong>7.<\/strong> \u0130\u015flem yapmaya haz\u0131rs\u0131n\u0131z<\/p><p>T\u00fcm karma\u015f\u0131k emirler (T\/S, S\/L, T\/P, Trigger) sunucu taraf\u0131nda i\u015flenir ve saklan\u0131r; terminal kapal\u0131yken de \u00e7al\u0131\u015f\u0131r.<br \/>Ayn\u0131 anda herhangi say\u0131da CQG giri\u015fini ba\u011flayabilirsiniz (\u00fccretsiz 3 giri\u015f).<\/p><blockquote><p><strong>Dikkat!<\/strong> Ba\u011flant\u0131 hatas\u0131 olursa a\u011f ge\u00e7idine yeniden ba\u011flanmak i\u00e7in \u015funu yap\u0131n: State=OFF ayarlay\u0131n, Apply\u2019a t\u0131klay\u0131n; ard\u0131ndan State=ON ayarlay\u0131p tekrar Apply\u2019a t\u0131klay\u0131n ve Market Watch -&gt; setup -&gt; Connections\u2019a d\u00f6n\u00fcn.<\/p><p><strong>Dikkat!<\/strong> Ayn\u0131 hesab\u0131 e\u015fzamanl\u0131 olarak VolFix ve ba\u015fka bir i\u015flem terminalinde kullanman\u0131z \u00f6nerilmez.<\/p><p><strong>Dikkat!<\/strong> Kimlik bilgileri VolFix platform sunucular\u0131nda saklan\u0131r. Bu bilgiler saklan\u0131rken ve aktar\u0131l\u0131rken daima \u015fifrelenir. VolFix personelinin giri\u015f ve \u015fifre verilerinize eri\u015fimi yoktur.<\/p><\/blockquote>                    <\/div>\n\t\t        \n                    <div id=\"rithmic-tab\" class=\"clearfix eael-tab-content-item inactive\" data-title-link=\"rithmic-tab\">\n\t\t\t\t        <p><img decoding=\"async\" class=\"alignnone size-medium wp-image-5931\" src=\"https:\/\/volfix.net\/wp-content\/uploads\/2024\/06\/rithmic1-300x79-1.png\" alt=\"rithmic\" width=\"300\" height=\"79\" \/><\/p><h5><span style=\"color: #9ca8ae\">Platform, Rithmic \u00fczerinden emir g\u00f6ndermek i\u00e7in tam kapsaml\u0131 yeteneklere sahiptir<\/span><\/h5><p><a href=\"https:\/\/www.rithmic.com\/introducingbrokers\" target=\"_blank\" rel=\"noopener noreferrer\">Rithmic sa\u011flayan broker listesi<\/a><\/p><p><strong>Rithmic\u2019e Ba\u011flanma:<\/strong><br \/><strong>1.<\/strong> <a href=\"http:\/\/www3.rithmic.com\/?page_id=16\" target=\"_blank\" rel=\"noopener noreferrer\">R|Trader<\/a>\u2019\u0131 indirin ve kurun. R|Trader\u2019\u0131 \u00e7al\u0131\u015ft\u0131r\u0131n. CME lisans\u0131n\u0131 imzalay\u0131n. R|Trader\u2019\u0131 kapat\u0131n.<br \/><strong>2.<\/strong> Market Watch -&gt; setup -&gt; Connections<br \/><strong>3.<\/strong> New -&gt; Rithmic<br \/><strong>4.<\/strong> Rithmic hesap giri\u015finizi ve \u015fifrenizi girin<br \/><strong>5.<\/strong> Apply\u2019a t\u0131klay\u0131n<br \/><strong>6.<\/strong> Ba\u011flant\u0131 ba\u015far\u0131l\u0131 olunca Rithmic Connections penceresini kapat\u0131n<br \/><strong>7.<\/strong> Hesap listesinden XXXXX RT hesab\u0131n\u0131z\u0131 se\u00e7in<br \/><strong>8.<\/strong> \u0130\u015flem yapmaya haz\u0131rs\u0131n\u0131z<\/p><p>T\u00fcm karma\u015f\u0131k emirler (T\/S, S\/L, T\/P, Trigger) sunucu taraf\u0131nda i\u015flenir ve saklan\u0131r; terminal kapal\u0131yken de \u00e7al\u0131\u015f\u0131r.<br \/>Ayn\u0131 anda herhangi say\u0131da Rithmic giri\u015fini ba\u011flayabilirsiniz (\u00fccretsiz 3 giri\u015f).<\/p><blockquote><p><strong>Dikkat!<\/strong> Ba\u011flant\u0131 hatas\u0131 olursa a\u011f ge\u00e7idine yeniden ba\u011flanmak i\u00e7in \u015funu yap\u0131n: State=OFF ayarlay\u0131n, Apply\u2019a t\u0131klay\u0131n; ard\u0131ndan State=ON ayarlay\u0131p tekrar Apply\u2019a t\u0131klay\u0131n ve Market Watch -&gt; setup -&gt; Connections\u2019a d\u00f6n\u00fcn.<\/p><p><strong>Dikkat!<\/strong> Ayn\u0131 hesab\u0131 e\u015fzamanl\u0131 olarak VolFix ve ba\u015fka bir i\u015flem terminalinde kullanman\u0131z \u00f6nerilmez.<\/p><p><strong>Dikkat!<\/strong> Kimlik bilgileri VolFix platform sunucular\u0131nda saklan\u0131r. Bu bilgiler saklan\u0131rken ve aktar\u0131l\u0131rken daima \u015fifrelenir. VolFix personelinin giri\u015f ve \u015fifre verilerinize eri\u015fimi yoktur.<\/p><\/blockquote>                    <\/div>\n\t\t        \n                    <div id=\"binance-tab\" class=\"clearfix eael-tab-content-item inactive\" data-title-link=\"binance-tab\">\n\t\t\t\t        <h5><span style=\"color: #9ca8ae\">Platform, Binance \u00fczerinden emir g\u00f6ndermek i\u00e7in tam kapsaml\u0131 yeteneklere sahiptir<\/span><\/h5><p><strong>Binance\u2019e Ba\u011flanma:<\/strong><br \/><strong>1.<\/strong> Market Watch -&gt; setup -&gt; Connections<br \/><strong>2.<\/strong> New\u2019a t\u0131klay\u0131n -&gt; Crypto<br \/><strong>3.<\/strong> System alan\u0131nda Binance\u2019i se\u00e7in<br \/><strong>4.<\/strong> Name alan\u0131nda ba\u011flant\u0131 ad\u0131 (kendiniz belirleyin) girin<br \/><strong>5.<\/strong> Hesab\u0131n\u0131z\u0131n API key ve secret key bilgilerini girin<br \/><strong>6.<\/strong> Apply\u2019a t\u0131klay\u0131n<br \/><strong>7.<\/strong> Ba\u011flant\u0131 ba\u015far\u0131l\u0131 olunca Binance Connections penceresini kapat\u0131n<br \/><strong>8.<\/strong> Hesap listesinden &#8220;Connection Name&#8221; CRYPTO hesab\u0131n\u0131z\u0131 se\u00e7in<br \/><strong>9.<\/strong> \u0130\u015flem yapmaya haz\u0131rs\u0131n\u0131z<\/p><p>T\u00fcm karma\u015f\u0131k emirler (T\/S, S\/L, T\/P, Trigger) sunucu taraf\u0131nda i\u015flenir ve saklan\u0131r; terminal kapal\u0131yken de \u00e7al\u0131\u015f\u0131r.<br \/>Ayn\u0131 anda en fazla 5 Binance hesab\u0131n\u0131 ba\u011flayabilirsiniz.<\/p><blockquote><p><strong>Dikkat!<\/strong> Ba\u011flant\u0131 hatas\u0131 olursa a\u011f ge\u00e7idine yeniden ba\u011flanmak i\u00e7in \u015funu yap\u0131n: State=OFF ayarlay\u0131n, Apply\u2019a t\u0131klay\u0131n; ard\u0131ndan State=ON ayarlay\u0131p tekrar Apply\u2019a t\u0131klay\u0131n ve Market Watch -&gt; setup -&gt; Connections\u2019a d\u00f6n\u00fcn.<\/p><p><strong>Dikkat!<\/strong> Ayn\u0131 hesab\u0131 e\u015fzamanl\u0131 olarak VolFix ve ba\u015fka bir i\u015flem terminalinde kullanman\u0131z \u00f6nerilmez.<\/p><p><strong>Dikkat!<\/strong> Kimlik bilgileri VolFix platform sunucular\u0131nda saklan\u0131r. Bu bilgiler saklan\u0131rken ve aktar\u0131l\u0131rken daima \u015fifrelenir. VolFix personelinin giri\u015f ve \u015fifre verilerinize eri\u015fimi yoktur.<\/p><\/blockquote>                    <\/div>\n\t\t                    <\/div>\n        <\/div>\n\t\t\t\t<\/div>\n\t\t\t\t<\/div>\n\t\t\t\t\t<\/div>\n\t\t\t\t<\/div>\n\t\t\t\t<\/div>\n\t\t","protected":false},"excerpt":{"rendered":"<p>KULLANILAB\u0130L\u0130R \u0130\u015eLEM A\u011e GE\u00c7\u0130TLER\u0130 \u0130\u015eLEM MOD\u00dcL\u00dc NASIL BA\u011eLANIR CQG Rithmic Binance Platform, CQG \u00fczerinden emir g\u00f6ndermek i\u00e7in tam kapsaml\u0131 yeteneklere sahiptir CQG sa\u011flayan broker listesi CQG\u2019ye Ba\u011flanma1. Market Watch -&gt; setup -&gt; Connections2. New -&gt; CQG3. CQG hesab\u0131n\u0131z\u0131n giri\u015f (login) ve \u015fifresini girin4. Apply\u2019a t\u0131klay\u0131n5. Ba\u011flant\u0131 ba\u015far\u0131l\u0131 olunca CQG Connections penceresini kapat\u0131n6. Hesap listesinden XXXXX [&hellip;]<\/p>\n","protected":false},"author":1,"featured_media":0,"parent":0,"menu_order":0,"comment_status":"closed","ping_status":"closed","template":"elementor_header_footer","meta":{"footnotes":""},"categories":[],"tags":[],"class_list":["post-8424","page","type-page","status-publish","hentry"],"aioseo_notices":[],"_links":{"self":[{"href":"https:\/\/volfix.net\/tr\/wp-json\/wp\/v2\/pages\/8424","targetHints":{"allow":["GET"]}}],"collection":[{"href":"https:\/\/volfix.net\/tr\/wp-json\/wp\/v2\/pages"}],"about":[{"href":"https:\/\/volfix.net\/tr\/wp-json\/wp\/v2\/types\/page"}],"author":[{"embeddable":true,"href":"https:\/\/volfix.net\/tr\/wp-json\/wp\/v2\/users\/1"}],"replies":[{"embeddable":true,"href":"https:\/\/volfix.net\/tr\/wp-json\/wp\/v2\/comments?post=8424"}],"version-history":[{"count":5,"href":"https:\/\/volfix.net\/tr\/wp-json\/wp\/v2\/pages\/8424\/revisions"}],"predecessor-version":[{"id":8556,"href":"https:\/\/volfix.net\/tr\/wp-json\/wp\/v2\/pages\/8424\/revisions\/8556"}],"wp:attachment":[{"href":"https:\/\/volfix.net\/tr\/wp-json\/wp\/v2\/media?parent=8424"}],"wp:term":[{"taxonomy":"category","embeddable":true,"href":"https:\/\/volfix.net\/tr\/wp-json\/wp\/v2\/categories?post=8424"},{"taxonomy":"post_tag","embeddable":true,"href":"https:\/\/volfix.net\/tr\/wp-json\/wp\/v2\/tags?post=8424"}],"curies":[{"name":"wp","href":"https:\/\/api.w.org\/{rel}","templated":true}]}}