{"id":8953,"date":"2024-06-07T15:34:28","date_gmt":"2024-06-07T14:34:28","guid":{"rendered":"https:\/\/volfix.net\/gateways-de-negociacao\/"},"modified":"2026-04-19T20:50:02","modified_gmt":"2026-04-19T19:50:02","slug":"gateways-de-negociacao","status":"publish","type":"page","link":"https:\/\/volfix.net\/pt-br\/gateways-de-negociacao\/","title":{"rendered":"Gateways de negocia\u00e7\u00e3o"},"content":{"rendered":"\t\t<div data-elementor-type=\"wp-post\" data-elementor-id=\"8953\" class=\"elementor elementor-8953 elementor-591\" data-elementor-post-type=\"page\">\n\t\t\t\t<div class=\"elementor-element elementor-element-700d78e e-con-full e-flex e-con e-parent\" data-id=\"700d78e\" data-element_type=\"container\" data-e-type=\"container\" data-settings=\"{&quot;background_background&quot;:&quot;classic&quot;,&quot;motion_fx_motion_fx_scrolling&quot;:&quot;yes&quot;,&quot;motion_fx_devices&quot;:[&quot;desktop&quot;,&quot;tablet&quot;,&quot;mobile&quot;]}\">\n\t\t<div class=\"elementor-element elementor-element-3d5b341 e-con-full e-flex e-con e-child\" data-id=\"3d5b341\" data-element_type=\"container\" data-e-type=\"container\">\n\t\t\t\t<div class=\"elementor-element elementor-element-a34ffa8 elementor-widget elementor-widget-template\" data-id=\"a34ffa8\" data-element_type=\"widget\" data-e-type=\"widget\" data-widget_type=\"template.default\">\n\t\t\t\t<div class=\"elementor-widget-container\">\n\t\t\t\t\t\t\t<div class=\"elementor-template\">\n\t\t\t\t\t<div data-elementor-type=\"container\" data-elementor-id=\"10839\" class=\"elementor elementor-10839 elementor-1533 elementor-1533\" data-elementor-post-type=\"elementor_library\">\n\t\t\t\t<div class=\"elementor-element elementor-element-1ddc51c1 e-flex e-con-boxed e-con e-child\" data-id=\"1ddc51c1\" data-element_type=\"container\" data-e-type=\"container\" data-settings=\"{&quot;motion_fx_motion_fx_scrolling&quot;:&quot;yes&quot;,&quot;motion_fx_opacity_effect&quot;:&quot;yes&quot;,&quot;motion_fx_opacity_direction&quot;:&quot;in-out&quot;,&quot;motion_fx_opacity_level&quot;:{&quot;unit&quot;:&quot;px&quot;,&quot;size&quot;:12,&quot;sizes&quot;:[]},&quot;motion_fx_opacity_range&quot;:{&quot;unit&quot;:&quot;%&quot;,&quot;size&quot;:&quot;&quot;,&quot;sizes&quot;:{&quot;start&quot;:98,&quot;end&quot;:99}},&quot;motion_fx_range&quot;:&quot;viewport&quot;,&quot;motion_fx_devices&quot;:[&quot;desktop&quot;,&quot;tablet&quot;,&quot;mobile&quot;]}\">\n\t\t\t\t\t<div class=\"e-con-inner\">\n\t\t\t\t<div class=\"elementor-element elementor-element-492f2761 elementor-widget-divider--view-line elementor-widget elementor-widget-global elementor-global-1470 elementor-widget-divider\" data-id=\"492f2761\" data-element_type=\"widget\" data-e-type=\"widget\" data-widget_type=\"divider.default\">\n\t\t\t\t<div class=\"elementor-widget-container\">\n\t\t\t\t\t\t\t<div class=\"elementor-divider\">\n\t\t\t<span class=\"elementor-divider-separator\">\n\t\t\t\t\t\t<\/span>\n\t\t<\/div>\n\t\t\t\t\t\t<\/div>\n\t\t\t\t<\/div>\n\t\t\t\t\t<\/div>\n\t\t\t\t<\/div>\n\t\t\t\t<\/div>\n\t\t\t\t<\/div>\n\t\t\t\t\t\t<\/div>\n\t\t\t\t<\/div>\n\t\t\t\t<\/div>\n\t\t\t\t<\/div>\n\t\t<div class=\"elementor-element elementor-element-aa98ae5 e-flex e-con-boxed e-con e-parent\" data-id=\"aa98ae5\" data-element_type=\"container\" data-e-type=\"container\">\n\t\t\t\t\t<div class=\"e-con-inner\">\n\t\t<div class=\"elementor-element elementor-element-5f95179 e-con-full e-flex e-con e-child\" data-id=\"5f95179\" data-element_type=\"container\" data-e-type=\"container\">\n\t\t\t\t<div class=\"elementor-element elementor-element-ea2863d elementor-widget elementor-widget-heading\" data-id=\"ea2863d\" data-element_type=\"widget\" data-e-type=\"widget\" data-widget_type=\"heading.default\">\n\t\t\t\t<div class=\"elementor-widget-container\">\n\t\t\t\t\t<h2 class=\"elementor-heading-title elementor-size-default\">GATEWAYS DE TRADING DISPON\u00cdVEIS<\/h2>\t\t\t\t<\/div>\n\t\t\t\t<\/div>\n\t\t\t\t<div class=\"elementor-element elementor-element-f590bf6 elementor-widget-divider--view-line elementor-widget elementor-widget-divider\" data-id=\"f590bf6\" data-element_type=\"widget\" data-e-type=\"widget\" data-widget_type=\"divider.default\">\n\t\t\t\t<div class=\"elementor-widget-container\">\n\t\t\t\t\t\t\t<div class=\"elementor-divider\">\n\t\t\t<span class=\"elementor-divider-separator\">\n\t\t\t\t\t\t<\/span>\n\t\t<\/div>\n\t\t\t\t\t\t<\/div>\n\t\t\t\t<\/div>\n\t\t\t\t<div class=\"elementor-element elementor-element-0728b75 elementor-widget elementor-widget-heading\" data-id=\"0728b75\" data-element_type=\"widget\" data-e-type=\"widget\" data-widget_type=\"heading.default\">\n\t\t\t\t<div class=\"elementor-widget-container\">\n\t\t\t\t\t<h2 class=\"elementor-heading-title elementor-size-default\">COMO CONECTAR O ORDER WINDOW<\/h2>\t\t\t\t<\/div>\n\t\t\t\t<\/div>\n\t\t\t\t<\/div>\n\t\t\t\t<div class=\"elementor-element elementor-element-cad9679 elementor-widget elementor-widget-eael-adv-tabs\" data-id=\"cad9679\" data-element_type=\"widget\" data-e-type=\"widget\" data-widget_type=\"eael-adv-tabs.default\">\n\t\t\t\t<div class=\"elementor-widget-container\">\n\t\t\t\t\t        <div data-scroll-on-click=\"no\" data-scroll-speed=\"300\" id=\"eael-advance-tabs-cad9679\" class=\"eael-advance-tabs eael-tabs-vertical eael-tab-auto-active  active-caret-on\" data-tabid=\"cad9679\">\n            <div class=\"eael-tabs-nav \">\n                <ul class=\"eael-tab-inline-icon\" role=\"tablist\">\n                                            <li id=\"cqg\" class=\"active-default eael-tab-item-trigger eael-tab-nav-item\" aria-selected=\"true\" data-tab=\"1\" role=\"tab\" tabindex=\"0\" aria-controls=\"cqg-tab\" aria-expanded=\"false\">\n                            \n                                                                <svg xmlns=\"http:\/\/www.w3.org\/2000\/svg\" width=\"1em\" height=\"1em\" viewBox=\"0 0 24 24\"><path fill=\"currentColor\" d=\"M10 20a2.98 2.98 0 0 1-2.122-.879C7.312 18.555 7 17.801 7 17s.312-1.555.879-2.122L10.757 12L7.879 9.121C7.312 8.555 7 7.801 7 7s.312-1.555.879-2.122c1.133-1.132 3.109-1.133 4.243.001L19.243 12l-7.122 7.121A2.976 2.976 0 0 1 10 20m0-14a.995.995 0 0 0-1 1c0 .267.104.518.293.707L13.585 12l-4.292 4.293C9.104 16.482 9 16.732 9 17s.104.518.293.707a1.023 1.023 0 0 0 1.414.001L16.415 12l-5.708-5.707A.991.991 0 0 0 10 6\"><\/path><\/svg>                                                            \n                                                            <span class=\"eael-tab-title title-after-icon\" >CQG<\/span>                            \n                                                    <\/li>\n                                            <li id=\"rithmic\" class=\"inactive eael-tab-item-trigger eael-tab-nav-item\" aria-selected=\"false\" data-tab=\"2\" role=\"tab\" tabindex=\"-1\" aria-controls=\"rithmic-tab\" aria-expanded=\"false\">\n                            \n                                                                <svg xmlns=\"http:\/\/www.w3.org\/2000\/svg\" width=\"1em\" height=\"1em\" viewBox=\"0 0 24 24\"><path fill=\"currentColor\" d=\"M10 20a2.98 2.98 0 0 1-2.122-.879C7.312 18.555 7 17.801 7 17s.312-1.555.879-2.122L10.757 12L7.879 9.121C7.312 8.555 7 7.801 7 7s.312-1.555.879-2.122c1.133-1.132 3.109-1.133 4.243.001L19.243 12l-7.122 7.121A2.976 2.976 0 0 1 10 20m0-14a.995.995 0 0 0-1 1c0 .267.104.518.293.707L13.585 12l-4.292 4.293C9.104 16.482 9 16.732 9 17s.104.518.293.707a1.023 1.023 0 0 0 1.414.001L16.415 12l-5.708-5.707A.991.991 0 0 0 10 6\"><\/path><\/svg>                                                            \n                                                            <span class=\"eael-tab-title title-after-icon\" >Rithmic<\/span>                            \n                                                    <\/li>\n                                            <li id=\"binance\" class=\"inactive eael-tab-item-trigger eael-tab-nav-item\" aria-selected=\"false\" data-tab=\"3\" role=\"tab\" tabindex=\"-1\" aria-controls=\"binance-tab\" aria-expanded=\"false\">\n                            \n                                                                <svg xmlns=\"http:\/\/www.w3.org\/2000\/svg\" width=\"1em\" height=\"1em\" viewBox=\"0 0 24 24\"><path fill=\"currentColor\" d=\"M10 20a2.98 2.98 0 0 1-2.122-.879C7.312 18.555 7 17.801 7 17s.312-1.555.879-2.122L10.757 12L7.879 9.121C7.312 8.555 7 7.801 7 7s.312-1.555.879-2.122c1.133-1.132 3.109-1.133 4.243.001L19.243 12l-7.122 7.121A2.976 2.976 0 0 1 10 20m0-14a.995.995 0 0 0-1 1c0 .267.104.518.293.707L13.585 12l-4.292 4.293C9.104 16.482 9 16.732 9 17s.104.518.293.707a1.023 1.023 0 0 0 1.414.001L16.415 12l-5.708-5.707A.991.991 0 0 0 10 6\"><\/path><\/svg>                                                            \n                                                            <span class=\"eael-tab-title title-after-icon\" >Binance<\/span>                            \n                                                    <\/li>\n                    \n                                  <\/ul>\n            <\/div>\n            \n            <div class=\"eael-tabs-content\">\n\t\t        \n                    <div id=\"cqg-tab\" class=\"clearfix eael-tab-content-item active-default\" data-title-link=\"cqg-tab\">\n\t\t\t\t        <p><img decoding=\"async\" class=\"size-medium wp-image-5924\" src=\"https:\/\/volfix.net\/wp-content\/uploads\/2024\/06\/cqg_logo1-300x72-1.jpg\" alt=\"cqg_logo_color_gray\" width=\"300\" height=\"72\" \/><\/p><h5><span style=\"color: #9ca8ae\">A plataforma possui todos os recursos necess\u00e1rios para enviar ordens atrav\u00e9s do CQG<\/span><\/h5><p><a href=\"http:\/\/www.cqg.com\/partners\/fcms\" target=\"_blank\" rel=\"noopener noreferrer\">Lista de corretores que oferecem CQG<\/a><\/p><p><strong>Conex\u00e3o com CQG:<\/strong><br \/><strong>1.<\/strong> Market Watch -&gt; setup -&gt; Connections<br \/><strong>2.<\/strong> New -&gt; CQG<br \/><strong>3.<\/strong> Insira o login e a senha da sua conta CQG<br \/><strong>4.<\/strong> Clique em Apply<br \/><strong>5.<\/strong> Ap\u00f3s conex\u00e3o bem-sucedida, feche a janela de conex\u00f5es CQG<br \/><strong>6.<\/strong> Selecione sua conta XXXXX CQG na lista de contas<br \/><strong>7.<\/strong> Tudo pronto para come\u00e7ar a negociar<\/p><p>Todas as ordens complexas (T\/S, S\/L, T\/P, Trigger) s\u00e3o processadas e armazenadas no lado do servidor e funcionam mesmo com o terminal fechado.<br \/>Voc\u00ea pode conectar qualquer n\u00famero de logins CQG simultaneamente (3 logins gratuitos).<\/p><blockquote><p><strong>Aten\u00e7\u00e3o:<\/strong> Em caso de erro de conex\u00e3o, para reconectar ao gateway, fa\u00e7a o seguinte:<br \/>Defina o State=OFF e clique em Apply, depois defina o State=ON e clique novamente em Apply no Market Watch -&gt; setup -&gt; Connections.<\/p><p><strong>Aten\u00e7\u00e3o:<\/strong> N\u00e3o \u00e9 recomendado negociar simultaneamente na mesma conta no VolFix e em outro terminal de negocia\u00e7\u00e3o.<\/p><p><strong>Aten\u00e7\u00e3o:<\/strong> Suas credenciais s\u00e3o armazenadas nos servidores da plataforma VolFix. Essas informa\u00e7\u00f5es est\u00e3o sempre criptografadas durante o armazenamento e transfer\u00eancia. A equipe do VolFix n\u00e3o tem acesso aos seus dados de login e senha.<\/p><\/blockquote>                    <\/div>\n\t\t        \n                    <div id=\"rithmic-tab\" class=\"clearfix eael-tab-content-item inactive\" data-title-link=\"rithmic-tab\">\n\t\t\t\t        <p><img decoding=\"async\" class=\"alignnone size-medium wp-image-5931\" src=\"https:\/\/volfix.net\/wp-content\/uploads\/2024\/06\/rithmic1-300x79-1.png\" alt=\"rithmic\" width=\"300\" height=\"79\" \/><\/p><h5><span style=\"color: #9ca8ae\">A plataforma oferece todos os recursos necess\u00e1rios para enviar ordens atrav\u00e9s do Rithmic<\/span><\/h5><p><a href=\"https:\/\/www.rithmic.com\/introducingbrokers\" target=\"_blank\" rel=\"noopener noreferrer\">Lista de corretores que oferecem Rithmic<\/a><\/p><p><strong>Conex\u00e3o com o Rithmic:<\/strong><br \/><strong>1.<\/strong> Baixe e instale o <a href=\"http:\/\/www3.rithmic.com\/?page_id=16\" target=\"_blank\" rel=\"noopener noreferrer\">R|Trader<\/a>. Execute o R|Trader, assine a licen\u00e7a CME e feche o R|Trader.<br \/><strong>2.<\/strong> Market Watch -&gt; setup -&gt; Connections<br \/><strong>3.<\/strong> New -&gt; Rithmic<br \/><strong>4.<\/strong> Insira o login e a senha da sua conta Rithmic<br \/><strong>5.<\/strong> Clique em Apply<br \/><strong>6.<\/strong> Ap\u00f3s conex\u00e3o bem-sucedida, feche a janela de conex\u00f5es Rithmic<br \/><strong>7.<\/strong> Selecione sua conta XXXXX RT na lista de contas<br \/><strong>8.<\/strong> Tudo pronto para come\u00e7ar a negociar<\/p><p>Todas as ordens complexas (T\/S, S\/L, T\/P, Trigger) s\u00e3o processadas e armazenadas no lado do servidor e funcionam mesmo com o terminal fechado.<br \/>Voc\u00ea pode conectar qualquer n\u00famero de logins Rithmic simultaneamente (3 logins gratuitos).<\/p><blockquote><p><strong>Aten\u00e7\u00e3o:<\/strong> Em caso de erro de conex\u00e3o, para reconectar ao gateway, fa\u00e7a o seguinte:<br \/>Defina o State=OFF e clique em Apply, depois defina o State=ON e clique novamente em Apply no Market Watch -&gt; setup -&gt; Connections.<\/p><p><strong>Aten\u00e7\u00e3o:<\/strong> N\u00e3o \u00e9 recomendado negociar simultaneamente na mesma conta no VolFix e em outro terminal de negocia\u00e7\u00e3o.<\/p><p><strong>Aten\u00e7\u00e3o:<\/strong> Suas credenciais s\u00e3o armazenadas nos servidores da plataforma VolFix. Essas informa\u00e7\u00f5es est\u00e3o sempre criptografadas durante o armazenamento e transfer\u00eancia. A equipe do VolFix n\u00e3o tem acesso aos seus dados de login e senha.<\/p><\/blockquote>                    <\/div>\n\t\t        \n                    <div id=\"binance-tab\" class=\"clearfix eael-tab-content-item inactive\" data-title-link=\"binance-tab\">\n\t\t\t\t        <h5><span style=\"color: #9ca8ae\">A plataforma oferece todos os recursos necess\u00e1rios para enviar ordens atrav\u00e9s do Binance<\/span><\/h5><p><strong>Conex\u00e3o com Binance:<\/strong><br \/><strong>1.<\/strong> Market Watch -&gt; setup -&gt; Connections<br \/><strong>2.<\/strong> Clique em New -&gt; Crypto<br \/><strong>3.<\/strong> No campo System, escolha Binance<br \/><strong>4.<\/strong> No campo Name, insira o nome da conex\u00e3o (escolha qualquer nome)<br \/><strong>5.<\/strong> Insira a chave API e a chave secreta da sua conta<br \/><strong>6.<\/strong> Clique em Apply<br \/><strong>7.<\/strong> Ap\u00f3s a conex\u00e3o bem-sucedida, feche a janela de conex\u00f5es Binance<br \/><strong>8.<\/strong> Selecione sua conta &#8220;Connection Name&#8221; CRYPTO na lista de contas<br \/><strong>9.<\/strong> Tudo pronto para come\u00e7ar a negociar<\/p><p>Todas as ordens complexas (T\/S, S\/L, T\/P, Trigger) s\u00e3o processadas e armazenadas no lado do servidor e funcionam mesmo com o terminal fechado.<br \/>Voc\u00ea pode conectar at\u00e9 5 contas Binance simultaneamente.<\/p><blockquote><p><strong>Aten\u00e7\u00e3o:<\/strong> Em caso de erro de conex\u00e3o, para reconectar ao gateway, fa\u00e7a o seguinte:<br \/>Defina o State=OFF e clique em Apply, depois defina o State=ON e clique novamente em Apply no Market Watch -&gt; setup -&gt; Connections.<\/p><p><strong>Aten\u00e7\u00e3o:<\/strong> N\u00e3o \u00e9 recomendado negociar simultaneamente na mesma conta no VolFix e em outro terminal de negocia\u00e7\u00e3o.<\/p><p><strong>Aten\u00e7\u00e3o:<\/strong> Suas credenciais s\u00e3o armazenadas nos servidores da plataforma VolFix. Essas informa\u00e7\u00f5es est\u00e3o sempre criptografadas durante o armazenamento e transfer\u00eancia. A equipe do VolFix n\u00e3o tem acesso aos seus dados de login e senha.<\/p><\/blockquote>                    <\/div>\n\t\t                    <\/div>\n        <\/div>\n\t\t\t\t<\/div>\n\t\t\t\t<\/div>\n\t\t\t\t\t<\/div>\n\t\t\t\t<\/div>\n\t\t\t\t<\/div>\n\t\t","protected":false},"excerpt":{"rendered":"<p>GATEWAYS DE TRADING DISPON\u00cdVEIS COMO CONECTAR O ORDER WINDOW CQG Rithmic Binance A plataforma possui todos os recursos necess\u00e1rios para enviar ordens atrav\u00e9s do CQG Lista de corretores que oferecem CQG Conex\u00e3o com CQG:1. Market Watch -&gt; setup -&gt; Connections2. New -&gt; CQG3. Insira o login e a senha da sua conta CQG4. Clique em [&hellip;]<\/p>\n","protected":false},"author":1,"featured_media":0,"parent":0,"menu_order":0,"comment_status":"closed","ping_status":"closed","template":"elementor_header_footer","meta":{"footnotes":""},"categories":[],"tags":[],"class_list":["post-8953","page","type-page","status-publish","hentry"],"aioseo_notices":[],"_links":{"self":[{"href":"https:\/\/volfix.net\/pt-br\/wp-json\/wp\/v2\/pages\/8953","targetHints":{"allow":["GET"]}}],"collection":[{"href":"https:\/\/volfix.net\/pt-br\/wp-json\/wp\/v2\/pages"}],"about":[{"href":"https:\/\/volfix.net\/pt-br\/wp-json\/wp\/v2\/types\/page"}],"author":[{"embeddable":true,"href":"https:\/\/volfix.net\/pt-br\/wp-json\/wp\/v2\/users\/1"}],"replies":[{"embeddable":true,"href":"https:\/\/volfix.net\/pt-br\/wp-json\/wp\/v2\/comments?post=8953"}],"version-history":[{"count":5,"href":"https:\/\/volfix.net\/pt-br\/wp-json\/wp\/v2\/pages\/8953\/revisions"}],"predecessor-version":[{"id":11113,"href":"https:\/\/volfix.net\/pt-br\/wp-json\/wp\/v2\/pages\/8953\/revisions\/11113"}],"wp:attachment":[{"href":"https:\/\/volfix.net\/pt-br\/wp-json\/wp\/v2\/media?parent=8953"}],"wp:term":[{"taxonomy":"category","embeddable":true,"href":"https:\/\/volfix.net\/pt-br\/wp-json\/wp\/v2\/categories?post=8953"},{"taxonomy":"post_tag","embeddable":true,"href":"https:\/\/volfix.net\/pt-br\/wp-json\/wp\/v2\/tags?post=8953"}],"curies":[{"name":"wp","href":"https:\/\/api.w.org\/{rel}","templated":true}]}}