{"id":7153,"date":"2025-01-24T23:22:35","date_gmt":"2025-01-24T23:22:35","guid":{"rendered":"https:\/\/volfix.net\/?page_id=7153"},"modified":"2025-10-14T19:56:05","modified_gmt":"2025-10-14T18:56:05","slug":"system-requirements-aw-pl","status":"publish","type":"page","link":"https:\/\/volfix.net\/pl\/system-requirements-aw-pl\/","title":{"rendered":"Wymagania systemowe VolFix"},"content":{"rendered":"\t\t<div data-elementor-type=\"wp-post\" data-elementor-id=\"7153\" class=\"elementor elementor-7153 elementor-3193\" data-elementor-post-type=\"page\">\n\t\t\t\t<div class=\"elementor-element elementor-element-700d78e e-con-full e-flex e-con e-parent\" data-id=\"700d78e\" data-element_type=\"container\" data-e-type=\"container\" data-settings=\"{&quot;background_background&quot;:&quot;classic&quot;}\">\n\t\t<div class=\"elementor-element elementor-element-3d5b341 e-con-full e-flex e-con e-child\" data-id=\"3d5b341\" data-element_type=\"container\" data-e-type=\"container\">\n\t\t\t\t<div class=\"elementor-element elementor-element-5657289 elementor-widget elementor-widget-template\" data-id=\"5657289\" data-element_type=\"widget\" data-e-type=\"widget\" data-widget_type=\"template.default\">\n\t\t\t\t<div class=\"elementor-widget-container\">\n\t\t\t\t\t\t\t<div class=\"elementor-template\">\n\t\t\t\t\t<div data-elementor-type=\"container\" data-elementor-id=\"1533\" class=\"elementor elementor-1533\" data-elementor-post-type=\"elementor_library\">\n\t\t\t\t<div class=\"elementor-element elementor-element-1ddc51c1 e-flex e-con-boxed e-con e-child\" data-id=\"1ddc51c1\" data-element_type=\"container\" data-e-type=\"container\" data-settings=\"{&quot;motion_fx_motion_fx_scrolling&quot;:&quot;yes&quot;,&quot;motion_fx_opacity_effect&quot;:&quot;yes&quot;,&quot;motion_fx_opacity_direction&quot;:&quot;in-out&quot;,&quot;motion_fx_opacity_level&quot;:{&quot;unit&quot;:&quot;px&quot;,&quot;size&quot;:12,&quot;sizes&quot;:[]},&quot;motion_fx_opacity_range&quot;:{&quot;unit&quot;:&quot;%&quot;,&quot;size&quot;:&quot;&quot;,&quot;sizes&quot;:{&quot;start&quot;:98,&quot;end&quot;:99}},&quot;motion_fx_range&quot;:&quot;viewport&quot;,&quot;motion_fx_devices&quot;:[&quot;desktop&quot;,&quot;tablet&quot;,&quot;mobile&quot;]}\">\n\t\t\t\t\t<div class=\"e-con-inner\">\n\t\t\t\t<div class=\"elementor-element elementor-element-46516598 elementor-widget elementor-widget-global elementor-global-1527 elementor-widget-heading\" data-id=\"46516598\" data-element_type=\"widget\" data-e-type=\"widget\" data-widget_type=\"heading.default\">\n\t\t\t\t<div class=\"elementor-widget-container\">\n\t\t\t\t\t<h2 class=\"elementor-heading-title elementor-size-default\">VolFix<\/h2>\t\t\t\t<\/div>\n\t\t\t\t<\/div>\n\t\t\t\t<div class=\"elementor-element elementor-element-492f2761 elementor-widget-divider--view-line elementor-widget elementor-widget-global elementor-global-1470 elementor-widget-divider\" data-id=\"492f2761\" data-element_type=\"widget\" data-e-type=\"widget\" data-widget_type=\"divider.default\">\n\t\t\t\t<div class=\"elementor-widget-container\">\n\t\t\t\t\t\t\t<div class=\"elementor-divider\">\n\t\t\t<span class=\"elementor-divider-separator\">\n\t\t\t\t\t\t<\/span>\n\t\t<\/div>\n\t\t\t\t\t\t<\/div>\n\t\t\t\t<\/div>\n\t\t\t\t<div class=\"elementor-element elementor-element-46368db elementor-widget elementor-widget-global elementor-global-1530 elementor-widget-text-editor\" data-id=\"46368db\" data-element_type=\"widget\" data-e-type=\"widget\" data-widget_type=\"text-editor.default\">\n\t\t\t\t<div class=\"elementor-widget-container\">\n\t\t\t\t\t\t\t\t\tWymagania systemowe\t\t\t\t\t\t\t\t<\/div>\n\t\t\t\t<\/div>\n\t\t\t\t\t<\/div>\n\t\t\t\t<\/div>\n\t\t\t\t<\/div>\n\t\t\t\t<\/div>\n\t\t\t\t\t\t<\/div>\n\t\t\t\t<\/div>\n\t\t\t\t<\/div>\n\t\t\t\t<\/div>\n\t\t<div class=\"elementor-element elementor-element-aa98ae5 e-flex e-con-boxed e-con e-parent\" data-id=\"aa98ae5\" data-element_type=\"container\" data-e-type=\"container\">\n\t\t\t\t\t<div class=\"e-con-inner\">\n\t\t\t\t<div class=\"elementor-element elementor-element-2c8e85a elementor-widget elementor-widget-text-editor\" data-id=\"2c8e85a\" data-element_type=\"widget\" data-e-type=\"widget\" data-widget_type=\"text-editor.default\">\n\t\t\t\t<div class=\"elementor-widget-container\">\n\t\t\t\t\t\t\t\t\t<p style=\"text-align: center;\"><a href=\"https:\/\/help.volfix.net\/hc\/pl\/articles\/4412917474193-How-to-optimise-Windows-and-macOS-for-VolFix\" target=\"_blank\" rel=\"noopener\">Jak zoptymalizowa\u0107 Windows i macOS dla VolFix<\/a><\/p>\n<p><strong>CPU:<\/strong>&nbsp;2 rdzenie, cz\u0119stotliwo\u015b\u0107 2.4 GHz. Zalecane:&nbsp;<strong>4 rdzenie, 3.2 GHz<\/strong><\/p>\n<p><strong>RAM:<\/strong>&nbsp;2 GB. Zalecane:&nbsp;<strong>8 GB<\/strong><\/p>\n<p><strong>Internet:<\/strong>&nbsp;10 Mb\/s. Zalecane:&nbsp;<strong>Ethernet 100 Mb\/s<\/strong><\/p>\n<p><strong>Ekran:<\/strong>&nbsp;Full HD. Zalecane:&nbsp;<strong>2-4 monitory 2K<\/strong><\/p>\n<p><strong>Karta graficzna:<\/strong>&nbsp;dowolna. Zalecane:&nbsp;<strong>NVIDIA\/AMD 1Gb RAM<\/strong><\/p>\n<p><strong>System Windows:<\/strong>&nbsp;Windows 10 (1809 lub nowszy) 64-bit, Windows 11 64-bit.<\/p>\n<p><strong>System macOS:<\/strong>&nbsp;macOS Monterey (12) lub nowszy. <strong>CPU:<\/strong>&nbsp;Intel lub Apple silicon.<\/p>\n<p><strong>System Linux:<\/strong> Arch x86_64. <strong>Wymagania:<\/strong> GLIBC 2.34, X11, GCC 10, OpenSSL 3.0.7, libxcb-xinerama0, libxcb-cursor0.<br>Przed uruchomieniem instalatora wykonaj <strong>chmod +x ~\/Downloads\/VolFix_setup_linux<\/strong>.<br>Przeczytaj plik <strong>~\/VolFix\/VolFix\/INSTALL<\/strong>.<\/p>\n<p><strong>Konfiguracja zapory:<\/strong> Zezw\u00f3l na wszystkie porty dla host\u00f3w:<br>*.volfix.net<\/p>\t\t\t\t\t\t\t\t<\/div>\n\t\t\t\t<\/div>\n\t\t\t\t\t<\/div>\n\t\t\t\t<\/div>\n\t\t\t\t<\/div>\n\t\t","protected":false},"excerpt":{"rendered":"<p>Jak zoptymalizowa\u0107 Windows i macOS dla VolFix CPU:&nbsp;2 rdzenie, cz\u0119stotliwo\u015b\u0107 2.4 GHz. Zalecane:&nbsp;4 rdzenie, 3.2 GHz RAM:&nbsp;2 GB. Zalecane:&nbsp;8 GB Internet:&nbsp;10 Mb\/s. Zalecane:&nbsp;Ethernet 100 Mb\/s Ekran:&nbsp;Full HD. Zalecane:&nbsp;2-4 monitory 2K Karta graficzna:&nbsp;dowolna. Zalecane:&nbsp;NVIDIA\/AMD 1Gb RAM System Windows:&nbsp;Windows 10 (1809 lub nowszy) 64-bit, Windows 11 64-bit. System macOS:&nbsp;macOS Monterey (12) lub nowszy. CPU:&nbsp;Intel lub Apple silicon. [&hellip;]<\/p>\n","protected":false},"author":1,"featured_media":0,"parent":0,"menu_order":0,"comment_status":"closed","ping_status":"closed","template":"elementor_header_footer","meta":{"footnotes":""},"categories":[],"tags":[],"class_list":["post-7153","page","type-page","status-publish","hentry"],"aioseo_notices":[],"_links":{"self":[{"href":"https:\/\/volfix.net\/pl\/wp-json\/wp\/v2\/pages\/7153","targetHints":{"allow":["GET"]}}],"collection":[{"href":"https:\/\/volfix.net\/pl\/wp-json\/wp\/v2\/pages"}],"about":[{"href":"https:\/\/volfix.net\/pl\/wp-json\/wp\/v2\/types\/page"}],"author":[{"embeddable":true,"href":"https:\/\/volfix.net\/pl\/wp-json\/wp\/v2\/users\/1"}],"replies":[{"embeddable":true,"href":"https:\/\/volfix.net\/pl\/wp-json\/wp\/v2\/comments?post=7153"}],"version-history":[{"count":10,"href":"https:\/\/volfix.net\/pl\/wp-json\/wp\/v2\/pages\/7153\/revisions"}],"predecessor-version":[{"id":8335,"href":"https:\/\/volfix.net\/pl\/wp-json\/wp\/v2\/pages\/7153\/revisions\/8335"}],"wp:attachment":[{"href":"https:\/\/volfix.net\/pl\/wp-json\/wp\/v2\/media?parent=7153"}],"wp:term":[{"taxonomy":"category","embeddable":true,"href":"https:\/\/volfix.net\/pl\/wp-json\/wp\/v2\/categories?post=7153"},{"taxonomy":"post_tag","embeddable":true,"href":"https:\/\/volfix.net\/pl\/wp-json\/wp\/v2\/tags?post=7153"}],"curies":[{"name":"wp","href":"https:\/\/api.w.org\/{rel}","templated":true}]}}