{"id":7068,"date":"2025-01-24T22:16:59","date_gmt":"2025-01-24T22:16:59","guid":{"rendered":"https:\/\/volfix.net\/?page_id=7068"},"modified":"2025-09-01T14:25:02","modified_gmt":"2025-09-01T13:25:02","slug":"trading-gateways-pl","status":"publish","type":"page","link":"https:\/\/volfix.net\/pl\/trading-gateways-pl\/","title":{"rendered":"Bramy Handlowe"},"content":{"rendered":"\t\t<div data-elementor-type=\"wp-post\" data-elementor-id=\"7068\" class=\"elementor elementor-7068 elementor-591\" data-elementor-post-type=\"page\">\n\t\t\t\t<div class=\"elementor-element elementor-element-700d78e e-con-full e-flex e-con e-parent\" data-id=\"700d78e\" data-element_type=\"container\" data-e-type=\"container\" data-settings=\"{&quot;background_background&quot;:&quot;classic&quot;,&quot;motion_fx_motion_fx_scrolling&quot;:&quot;yes&quot;,&quot;motion_fx_devices&quot;:[&quot;desktop&quot;,&quot;tablet&quot;,&quot;mobile&quot;]}\">\n\t\t<div class=\"elementor-element elementor-element-3d5b341 e-con-full e-flex e-con e-child\" data-id=\"3d5b341\" data-element_type=\"container\" data-e-type=\"container\">\n\t\t\t\t<div class=\"elementor-element elementor-element-a34ffa8 elementor-widget elementor-widget-template\" data-id=\"a34ffa8\" data-element_type=\"widget\" data-e-type=\"widget\" data-widget_type=\"template.default\">\n\t\t\t\t<div class=\"elementor-widget-container\">\n\t\t\t\t\t\t\t<div class=\"elementor-template\">\n\t\t\t\t\t<div data-elementor-type=\"container\" data-elementor-id=\"1533\" class=\"elementor elementor-1533\" data-elementor-post-type=\"elementor_library\">\n\t\t\t\t<div class=\"elementor-element elementor-element-1ddc51c1 e-flex e-con-boxed e-con e-child\" data-id=\"1ddc51c1\" data-element_type=\"container\" data-e-type=\"container\" data-settings=\"{&quot;motion_fx_motion_fx_scrolling&quot;:&quot;yes&quot;,&quot;motion_fx_opacity_effect&quot;:&quot;yes&quot;,&quot;motion_fx_opacity_direction&quot;:&quot;in-out&quot;,&quot;motion_fx_opacity_level&quot;:{&quot;unit&quot;:&quot;px&quot;,&quot;size&quot;:12,&quot;sizes&quot;:[]},&quot;motion_fx_opacity_range&quot;:{&quot;unit&quot;:&quot;%&quot;,&quot;size&quot;:&quot;&quot;,&quot;sizes&quot;:{&quot;start&quot;:98,&quot;end&quot;:99}},&quot;motion_fx_range&quot;:&quot;viewport&quot;,&quot;motion_fx_devices&quot;:[&quot;desktop&quot;,&quot;tablet&quot;,&quot;mobile&quot;]}\">\n\t\t\t\t\t<div class=\"e-con-inner\">\n\t\t\t\t<div class=\"elementor-element elementor-element-46516598 elementor-widget elementor-widget-global elementor-global-1527 elementor-widget-heading\" data-id=\"46516598\" data-element_type=\"widget\" data-e-type=\"widget\" data-widget_type=\"heading.default\">\n\t\t\t\t<div class=\"elementor-widget-container\">\n\t\t\t\t\t<h2 class=\"elementor-heading-title elementor-size-default\">Bramy Handlowe<\/h2>\t\t\t\t<\/div>\n\t\t\t\t<\/div>\n\t\t\t\t<div class=\"elementor-element elementor-element-492f2761 elementor-widget-divider--view-line elementor-widget elementor-widget-global elementor-global-1470 elementor-widget-divider\" data-id=\"492f2761\" data-element_type=\"widget\" data-e-type=\"widget\" data-widget_type=\"divider.default\">\n\t\t\t\t<div class=\"elementor-widget-container\">\n\t\t\t\t\t\t\t<div class=\"elementor-divider\">\n\t\t\t<span class=\"elementor-divider-separator\">\n\t\t\t\t\t\t<\/span>\n\t\t<\/div>\n\t\t\t\t\t\t<\/div>\n\t\t\t\t<\/div>\n\t\t\t\t<div class=\"elementor-element elementor-element-46368db elementor-widget elementor-widget-global elementor-global-1530 elementor-widget-text-editor\" data-id=\"46368db\" data-element_type=\"widget\" data-e-type=\"widget\" data-widget_type=\"text-editor.default\">\n\t\t\t\t<div class=\"elementor-widget-container\">\n\t\t\t\t\t\t\t\t\tPO\u0141\u0104CZ SW\u00d3J ORDER WINDOW Z BEZPO\u015aREDNIM STRUMIENIEM DANYCH\t\t\t\t\t\t\t\t<\/div>\n\t\t\t\t<\/div>\n\t\t\t\t\t<\/div>\n\t\t\t\t<\/div>\n\t\t\t\t<\/div>\n\t\t\t\t<\/div>\n\t\t\t\t\t\t<\/div>\n\t\t\t\t<\/div>\n\t\t\t\t<\/div>\n\t\t\t\t<\/div>\n\t\t<div class=\"elementor-element elementor-element-aa98ae5 e-flex e-con-boxed e-con e-parent\" data-id=\"aa98ae5\" data-element_type=\"container\" data-e-type=\"container\">\n\t\t\t\t\t<div class=\"e-con-inner\">\n\t\t<div class=\"elementor-element elementor-element-5f95179 e-con-full e-flex e-con e-child\" data-id=\"5f95179\" data-element_type=\"container\" data-e-type=\"container\">\n\t\t\t\t<div class=\"elementor-element elementor-element-ea2863d elementor-widget elementor-widget-heading\" data-id=\"ea2863d\" data-element_type=\"widget\" data-e-type=\"widget\" data-widget_type=\"heading.default\">\n\t\t\t\t<div class=\"elementor-widget-container\">\n\t\t\t\t\t<h2 class=\"elementor-heading-title elementor-size-default\">DOST\u0118PNE BRAMY HANDLOWE<\/h2>\t\t\t\t<\/div>\n\t\t\t\t<\/div>\n\t\t\t\t<div class=\"elementor-element elementor-element-f590bf6 elementor-widget-divider--view-line elementor-widget elementor-widget-divider\" data-id=\"f590bf6\" data-element_type=\"widget\" data-e-type=\"widget\" data-widget_type=\"divider.default\">\n\t\t\t\t<div class=\"elementor-widget-container\">\n\t\t\t\t\t\t\t<div class=\"elementor-divider\">\n\t\t\t<span class=\"elementor-divider-separator\">\n\t\t\t\t\t\t<\/span>\n\t\t<\/div>\n\t\t\t\t\t\t<\/div>\n\t\t\t\t<\/div>\n\t\t\t\t<div class=\"elementor-element elementor-element-0728b75 elementor-widget elementor-widget-heading\" data-id=\"0728b75\" data-element_type=\"widget\" data-e-type=\"widget\" data-widget_type=\"heading.default\">\n\t\t\t\t<div class=\"elementor-widget-container\">\n\t\t\t\t\t<h2 class=\"elementor-heading-title elementor-size-default\">JAK PO\u0141\u0104CZY\u0106 ORDER WINDOW<\/h2>\t\t\t\t<\/div>\n\t\t\t\t<\/div>\n\t\t\t\t<\/div>\n\t\t\t\t<div class=\"elementor-element elementor-element-cad9679 elementor-widget elementor-widget-eael-adv-tabs\" data-id=\"cad9679\" data-element_type=\"widget\" data-e-type=\"widget\" data-widget_type=\"eael-adv-tabs.default\">\n\t\t\t\t<div class=\"elementor-widget-container\">\n\t\t\t\t\t        <div data-scroll-on-click=\"no\" data-scroll-speed=\"300\" id=\"eael-advance-tabs-cad9679\" class=\"eael-advance-tabs eael-tabs-vertical eael-tab-auto-active  active-caret-on\" data-tabid=\"cad9679\">\n            <div class=\"eael-tabs-nav \">\n                <ul class=\"eael-tab-inline-icon\" role=\"tablist\">\n                                            <li id=\"cqg\" class=\"active-default eael-tab-item-trigger eael-tab-nav-item\" aria-selected=\"true\" data-tab=\"1\" role=\"tab\" tabindex=\"0\" aria-controls=\"cqg-tab\" aria-expanded=\"false\">\n                            \n                                                                <svg xmlns=\"http:\/\/www.w3.org\/2000\/svg\" width=\"1em\" height=\"1em\" viewBox=\"0 0 24 24\"><path fill=\"currentColor\" d=\"M10 20a2.98 2.98 0 0 1-2.122-.879C7.312 18.555 7 17.801 7 17s.312-1.555.879-2.122L10.757 12L7.879 9.121C7.312 8.555 7 7.801 7 7s.312-1.555.879-2.122c1.133-1.132 3.109-1.133 4.243.001L19.243 12l-7.122 7.121A2.976 2.976 0 0 1 10 20m0-14a.995.995 0 0 0-1 1c0 .267.104.518.293.707L13.585 12l-4.292 4.293C9.104 16.482 9 16.732 9 17s.104.518.293.707a1.023 1.023 0 0 0 1.414.001L16.415 12l-5.708-5.707A.991.991 0 0 0 10 6\"><\/path><\/svg>                                                            \n                                                            <span class=\"eael-tab-title title-after-icon\" >CQG<\/span>                            \n                                                    <\/li>\n                                            <li id=\"rithmic\" class=\"inactive eael-tab-item-trigger eael-tab-nav-item\" aria-selected=\"false\" data-tab=\"2\" role=\"tab\" tabindex=\"-1\" aria-controls=\"rithmic-tab\" aria-expanded=\"false\">\n                            \n                                                                <svg xmlns=\"http:\/\/www.w3.org\/2000\/svg\" width=\"1em\" height=\"1em\" viewBox=\"0 0 24 24\"><path fill=\"currentColor\" d=\"M10 20a2.98 2.98 0 0 1-2.122-.879C7.312 18.555 7 17.801 7 17s.312-1.555.879-2.122L10.757 12L7.879 9.121C7.312 8.555 7 7.801 7 7s.312-1.555.879-2.122c1.133-1.132 3.109-1.133 4.243.001L19.243 12l-7.122 7.121A2.976 2.976 0 0 1 10 20m0-14a.995.995 0 0 0-1 1c0 .267.104.518.293.707L13.585 12l-4.292 4.293C9.104 16.482 9 16.732 9 17s.104.518.293.707a1.023 1.023 0 0 0 1.414.001L16.415 12l-5.708-5.707A.991.991 0 0 0 10 6\"><\/path><\/svg>                                                            \n                                                            <span class=\"eael-tab-title title-after-icon\" >Rithmic<\/span>                            \n                                                    <\/li>\n                                            <li id=\"binance\" class=\"inactive eael-tab-item-trigger eael-tab-nav-item\" aria-selected=\"false\" data-tab=\"3\" role=\"tab\" tabindex=\"-1\" aria-controls=\"binance-tab\" aria-expanded=\"false\">\n                            \n                                                                <svg xmlns=\"http:\/\/www.w3.org\/2000\/svg\" width=\"1em\" height=\"1em\" viewBox=\"0 0 24 24\"><path fill=\"currentColor\" d=\"M10 20a2.98 2.98 0 0 1-2.122-.879C7.312 18.555 7 17.801 7 17s.312-1.555.879-2.122L10.757 12L7.879 9.121C7.312 8.555 7 7.801 7 7s.312-1.555.879-2.122c1.133-1.132 3.109-1.133 4.243.001L19.243 12l-7.122 7.121A2.976 2.976 0 0 1 10 20m0-14a.995.995 0 0 0-1 1c0 .267.104.518.293.707L13.585 12l-4.292 4.293C9.104 16.482 9 16.732 9 17s.104.518.293.707a1.023 1.023 0 0 0 1.414.001L16.415 12l-5.708-5.707A.991.991 0 0 0 10 6\"><\/path><\/svg>                                                            \n                                                            <span class=\"eael-tab-title title-after-icon\" >Binance<\/span>                            \n                                                    <\/li>\n                    \n                                  <\/ul>\n            <\/div>\n            \n            <div class=\"eael-tabs-content\">\n\t\t        \n                    <div id=\"cqg-tab\" class=\"clearfix eael-tab-content-item active-default\" data-title-link=\"cqg-tab\">\n\t\t\t\t        <p><img decoding=\"async\" class=\"size-medium wp-image-5924\" src=\"https:\/\/volfix.net\/wp-content\/uploads\/2024\/06\/cqg_logo1-300x72-1.jpg\" alt=\"cqg_logo_color_gray\" width=\"300\" height=\"72\" \/><\/p><h5><span style=\"color: #9ca8ae\">Platforma posiada pe\u0142n\u0105 funkcjonalno\u015b\u0107 do wysy\u0142ania zlece\u0144 przez CQG<\/span><\/h5><p><a href=\"http:\/\/www.cqg.com\/partners\/fcms\" target=\"_blank\" rel=\"noopener noreferrer\">Lista broker\u00f3w oferuj\u0105cych CQG<\/a><\/p><p><strong>\u0141\u0105czenie z CQG:<\/strong><br \/><strong>1.<\/strong> Market Watch -&gt; setup -&gt; Connections<br \/><strong>2.<\/strong> New -&gt; CQG<br \/><strong>3.<\/strong> Wprowad\u017a login i has\u0142o do konta CQG<br \/><strong>4.<\/strong> Kliknij Apply<br \/><strong>5.<\/strong> Po pomy\u015blnym po\u0142\u0105czeniu zamknij okno po\u0142\u0105cze\u0144 CQG<br \/><strong>6.<\/strong> Wybierz swoje konto XXXXX CQG z listy kont<br \/><strong>7.<\/strong> Wszystko gotowe do rozpocz\u0119cia handlu<\/p><p>Wszystkie z\u0142o\u017cone zlecenia (T\/S, S\/L, T\/P, Trigger) s\u0105 przetwarzane i przechowywane po stronie serwera i dzia\u0142aj\u0105 nawet przy zamkni\u0119tym terminalu.<br \/>Mo\u017cesz pod\u0142\u0105czy\u0107 dowoln\u0105 liczb\u0119 logowa\u0144 do CQG (3 logowania za darmo).<\/p><blockquote><p><strong>Uwaga:<\/strong> W przypadku b\u0142\u0119du po\u0142\u0105czenia, aby ponownie po\u0142\u0105czy\u0107 si\u0119 z bram\u0105, wykonaj nast\u0119puj\u0105ce kroki:<br \/>Ustaw State=OFF, kliknij Apply, nast\u0119pnie ustaw State=ON i ponownie kliknij Apply w Market Watch -&gt; setup -&gt; Connections.<\/p><p><strong>Uwaga:<\/strong> Nie zaleca si\u0119 jednoczesnego handlu na tym samym koncie w VolFix i innym terminalu handlowym.<\/p><p><strong>Uwaga:<\/strong> Twoje dane logowania s\u0105 przechowywane na serwerach platformy VolFix. Informacje te s\u0105 zawsze szyfrowane podczas przechowywania i przesy\u0142ania. Pracownicy VolFix nie maj\u0105 dost\u0119pu do Twoich danych logowania i hase\u0142.<\/p><\/blockquote>                    <\/div>\n\t\t        \n                    <div id=\"rithmic-tab\" class=\"clearfix eael-tab-content-item inactive\" data-title-link=\"rithmic-tab\">\n\t\t\t\t        <p><img decoding=\"async\" class=\"alignnone size-medium wp-image-5931\" src=\"https:\/\/volfix.net\/wp-content\/uploads\/2024\/06\/rithmic1-300x79-1.png\" alt=\"rithmic\" width=\"300\" height=\"79\" \/><\/p><h5><span style=\"color: #9ca8ae\">Platforma oferuje pe\u0142n\u0105 funkcjonalno\u015b\u0107 do wysy\u0142ania zlece\u0144 za po\u015brednictwem Rithmic<\/span><\/h5><p><a href=\"https:\/\/www.rithmic.com\/introducingbrokers\" target=\"_blank\" rel=\"noopener noreferrer\">Lista broker\u00f3w obs\u0142uguj\u0105cych Rithmic<\/a><\/p><p><strong>\u0141\u0105czenie z Rithmic:<\/strong><br \/><strong>1.<\/strong> Pobierz i zainstaluj <a href=\"http:\/\/www3.rithmic.com\/?page_id=16\" target=\"_blank\" rel=\"noopener noreferrer\">R|Trader<\/a>. Uruchom R|Trader. Podpisz licencj\u0119 CME. Zamknij R|Trader.<br \/><strong>2.<\/strong> Market Watch -&gt; setup -&gt; Connections<br \/><strong>3.<\/strong> New -&gt; Rithmic<br \/><strong>4.<\/strong> Wprowad\u017a login i has\u0142o do konta Rithmic<br \/><strong>5.<\/strong> Kliknij Apply<br \/><strong>6.<\/strong> Po pomy\u015blnym po\u0142\u0105czeniu zamknij okno po\u0142\u0105cze\u0144 Rithmic<br \/><strong>7.<\/strong> Wybierz swoje konto XXXXX RT z listy kont<br \/><strong>8.<\/strong> Wszystko gotowe do rozpocz\u0119cia handlu<\/p><p>Wszystkie z\u0142o\u017cone zlecenia (T\/S, S\/L, T\/P, Trigger) s\u0105 przetwarzane i przechowywane po stronie serwera i dzia\u0142aj\u0105 nawet przy zamkni\u0119tym terminalu.<br \/>Mo\u017cesz pod\u0142\u0105czy\u0107 dowoln\u0105 liczb\u0119 logowa\u0144 do Rithmic (3 logowania za darmo).<\/p><blockquote><p><strong>Uwaga:<\/strong> W przypadku b\u0142\u0119du po\u0142\u0105czenia, aby ponownie po\u0142\u0105czy\u0107 si\u0119 z bram\u0105, wykonaj nast\u0119puj\u0105ce kroki:<br \/>Ustaw State=OFF, kliknij Apply, nast\u0119pnie ustaw State=ON i ponownie kliknij Apply w Market Watch -&gt; setup -&gt; Connections.<\/p><p><strong>Uwaga:<\/strong> Nie zaleca si\u0119 jednoczesnego handlu na tym samym koncie w VolFix i innym terminalu handlowym.<\/p><p><strong>Uwaga:<\/strong> Twoje dane logowania s\u0105 przechowywane na serwerach platformy VolFix. Informacje te s\u0105 zawsze szyfrowane podczas przechowywania i przesy\u0142ania. Pracownicy VolFix nie maj\u0105 dost\u0119pu do Twoich danych logowania i hase\u0142.<\/p><\/blockquote>                    <\/div>\n\t\t        \n                    <div id=\"binance-tab\" class=\"clearfix eael-tab-content-item inactive\" data-title-link=\"binance-tab\">\n\t\t\t\t        <h5><span style=\"color: #9ca8ae\">Platforma oferuje pe\u0142n\u0105 funkcjonalno\u015b\u0107 do wysy\u0142ania zlece\u0144 za po\u015brednictwem Binance<\/span><\/h5><p><strong>\u0141\u0105czenie z Binance:<\/strong><br \/><strong>1.<\/strong> Market Watch -&gt; setup -&gt; Connections<br \/><strong>2.<\/strong> Kliknij New -&gt; Crypto<br \/><strong>3.<\/strong> W polu System wybierz Binance<br \/><strong>4.<\/strong> W polu Name wpisz nazw\u0119 po\u0142\u0105czenia (wymy\u015bl)<br \/><strong>5.<\/strong> Wprowad\u017a klucz API i klucz tajny swojego konta<br \/><strong>6.<\/strong> Kliknij Apply<br \/><strong>7.<\/strong> Po pomy\u015blnym po\u0142\u0105czeniu zamknij okno po\u0142\u0105cze\u0144 Binance<br \/><strong>8.<\/strong> Wybierz swoje konto &#8222;Connection Name&#8221; CRYPTO z listy kont<br \/><strong>9.<\/strong> Wszystko gotowe do rozpocz\u0119cia handlu<\/p><p>Wszystkie z\u0142o\u017cone zlecenia (T\/S, S\/L, T\/P, Trigger) s\u0105 przetwarzane i przechowywane po stronie serwera i dzia\u0142aj\u0105 nawet przy zamkni\u0119tym terminalu.<br \/>Mo\u017cesz pod\u0142\u0105czy\u0107 do 5 kont Binance jednocze\u015bnie.<\/p><blockquote><p><strong>Uwaga:<\/strong> W przypadku b\u0142\u0119du po\u0142\u0105czenia wykonaj nast\u0119puj\u0105ce kroki:<br \/>Ustaw State=OFF, kliknij Apply, nast\u0119pnie ustaw State=ON i ponownie kliknij Apply w Market Watch -&gt; setup -&gt; Connections.<\/p><p><strong>Uwaga:<\/strong> Nie zaleca si\u0119 jednoczesnego handlu na tym samym koncie w VolFix i innym terminalu handlowym.<\/p><p><strong>Uwaga:<\/strong> Twoje dane logowania s\u0105 przechowywane na serwerach platformy VolFix. Informacje te s\u0105 zawsze szyfrowane podczas przechowywania i przesy\u0142ania. Pracownicy VolFix nie maj\u0105 dost\u0119pu do Twoich danych logowania i hase\u0142.<\/p><\/blockquote>                    <\/div>\n\t\t                    <\/div>\n        <\/div>\n\t\t\t\t<\/div>\n\t\t\t\t<\/div>\n\t\t\t\t\t<\/div>\n\t\t\t\t<\/div>\n\t\t\t\t<\/div>\n\t\t","protected":false},"excerpt":{"rendered":"<p>DOST\u0118PNE BRAMY HANDLOWE JAK PO\u0141\u0104CZY\u0106 ORDER WINDOW CQG Rithmic Binance Platforma posiada pe\u0142n\u0105 funkcjonalno\u015b\u0107 do wysy\u0142ania zlece\u0144 przez CQG Lista broker\u00f3w oferuj\u0105cych CQG \u0141\u0105czenie z CQG:1. Market Watch -&gt; setup -&gt; Connections2. New -&gt; CQG3. Wprowad\u017a login i has\u0142o do konta CQG4. Kliknij Apply5. Po pomy\u015blnym po\u0142\u0105czeniu zamknij okno po\u0142\u0105cze\u0144 CQG6. Wybierz swoje konto XXXXX [&hellip;]<\/p>\n","protected":false},"author":1,"featured_media":0,"parent":0,"menu_order":0,"comment_status":"closed","ping_status":"closed","template":"elementor_header_footer","meta":{"footnotes":""},"categories":[],"tags":[],"class_list":["post-7068","page","type-page","status-publish","hentry"],"aioseo_notices":[],"_links":{"self":[{"href":"https:\/\/volfix.net\/pl\/wp-json\/wp\/v2\/pages\/7068","targetHints":{"allow":["GET"]}}],"collection":[{"href":"https:\/\/volfix.net\/pl\/wp-json\/wp\/v2\/pages"}],"about":[{"href":"https:\/\/volfix.net\/pl\/wp-json\/wp\/v2\/types\/page"}],"author":[{"embeddable":true,"href":"https:\/\/volfix.net\/pl\/wp-json\/wp\/v2\/users\/1"}],"replies":[{"embeddable":true,"href":"https:\/\/volfix.net\/pl\/wp-json\/wp\/v2\/comments?post=7068"}],"version-history":[{"count":10,"href":"https:\/\/volfix.net\/pl\/wp-json\/wp\/v2\/pages\/7068\/revisions"}],"predecessor-version":[{"id":8306,"href":"https:\/\/volfix.net\/pl\/wp-json\/wp\/v2\/pages\/7068\/revisions\/8306"}],"wp:attachment":[{"href":"https:\/\/volfix.net\/pl\/wp-json\/wp\/v2\/media?parent=7068"}],"wp:term":[{"taxonomy":"category","embeddable":true,"href":"https:\/\/volfix.net\/pl\/wp-json\/wp\/v2\/categories?post=7068"},{"taxonomy":"post_tag","embeddable":true,"href":"https:\/\/volfix.net\/pl\/wp-json\/wp\/v2\/tags?post=7068"}],"curies":[{"name":"wp","href":"https:\/\/api.w.org\/{rel}","templated":true}]}}