{"id":3203,"date":"2024-09-13T04:59:29","date_gmt":"2024-09-13T03:59:29","guid":{"rendered":"https:\/\/new.volfix.net\/?page_id=3203"},"modified":"2025-10-14T19:56:08","modified_gmt":"2025-10-14T18:56:08","slug":"system-requirements-aw-fr","status":"publish","type":"page","link":"https:\/\/volfix.net\/fr\/system-requirements-aw-fr\/","title":{"rendered":"Exigences du syst\u00e8me VolFix"},"content":{"rendered":"\t\t<div data-elementor-type=\"wp-post\" data-elementor-id=\"3203\" class=\"elementor elementor-3203 elementor-3193\" data-elementor-post-type=\"page\">\n\t\t\t\t<div class=\"elementor-element elementor-element-700d78e e-con-full e-flex e-con e-parent\" data-id=\"700d78e\" data-element_type=\"container\" data-e-type=\"container\" data-settings=\"{&quot;background_background&quot;:&quot;classic&quot;}\">\n\t\t<div class=\"elementor-element elementor-element-3d5b341 e-con-full e-flex e-con e-child\" data-id=\"3d5b341\" data-element_type=\"container\" data-e-type=\"container\">\n\t\t\t\t<div class=\"elementor-element elementor-element-5657289 elementor-widget elementor-widget-template\" data-id=\"5657289\" data-element_type=\"widget\" data-e-type=\"widget\" data-widget_type=\"template.default\">\n\t\t\t\t<div class=\"elementor-widget-container\">\n\t\t\t\t\t\t\t<div class=\"elementor-template\">\n\t\t\t\t\t<div data-elementor-type=\"container\" data-elementor-id=\"1533\" class=\"elementor elementor-1533\" data-elementor-post-type=\"elementor_library\">\n\t\t\t\t<div class=\"elementor-element elementor-element-1ddc51c1 e-flex e-con-boxed e-con e-child\" data-id=\"1ddc51c1\" data-element_type=\"container\" data-e-type=\"container\" data-settings=\"{&quot;motion_fx_motion_fx_scrolling&quot;:&quot;yes&quot;,&quot;motion_fx_opacity_effect&quot;:&quot;yes&quot;,&quot;motion_fx_opacity_direction&quot;:&quot;in-out&quot;,&quot;motion_fx_opacity_level&quot;:{&quot;unit&quot;:&quot;px&quot;,&quot;size&quot;:12,&quot;sizes&quot;:[]},&quot;motion_fx_opacity_range&quot;:{&quot;unit&quot;:&quot;%&quot;,&quot;size&quot;:&quot;&quot;,&quot;sizes&quot;:{&quot;start&quot;:98,&quot;end&quot;:99}},&quot;motion_fx_range&quot;:&quot;viewport&quot;,&quot;motion_fx_devices&quot;:[&quot;desktop&quot;,&quot;tablet&quot;,&quot;mobile&quot;]}\">\n\t\t\t\t\t<div class=\"e-con-inner\">\n\t\t\t\t<div class=\"elementor-element elementor-element-46516598 elementor-widget elementor-widget-global elementor-global-1527 elementor-widget-heading\" data-id=\"46516598\" data-element_type=\"widget\" data-e-type=\"widget\" data-widget_type=\"heading.default\">\n\t\t\t\t<div class=\"elementor-widget-container\">\n\t\t\t\t\t<h2 class=\"elementor-heading-title elementor-size-default\">VolFix<\/h2>\t\t\t\t<\/div>\n\t\t\t\t<\/div>\n\t\t\t\t<div class=\"elementor-element elementor-element-492f2761 elementor-widget-divider--view-line elementor-widget elementor-widget-global elementor-global-1470 elementor-widget-divider\" data-id=\"492f2761\" data-element_type=\"widget\" data-e-type=\"widget\" data-widget_type=\"divider.default\">\n\t\t\t\t<div class=\"elementor-widget-container\">\n\t\t\t\t\t\t\t<div class=\"elementor-divider\">\n\t\t\t<span class=\"elementor-divider-separator\">\n\t\t\t\t\t\t<\/span>\n\t\t<\/div>\n\t\t\t\t\t\t<\/div>\n\t\t\t\t<\/div>\n\t\t\t\t<div class=\"elementor-element elementor-element-46368db elementor-widget elementor-widget-global elementor-global-1530 elementor-widget-text-editor\" data-id=\"46368db\" data-element_type=\"widget\" data-e-type=\"widget\" data-widget_type=\"text-editor.default\">\n\t\t\t\t<div class=\"elementor-widget-container\">\n\t\t\t\t\t\t\t\t\tExigences du syst\u00e8me\t\t\t\t\t\t\t\t<\/div>\n\t\t\t\t<\/div>\n\t\t\t\t\t<\/div>\n\t\t\t\t<\/div>\n\t\t\t\t<\/div>\n\t\t\t\t<\/div>\n\t\t\t\t\t\t<\/div>\n\t\t\t\t<\/div>\n\t\t\t\t<\/div>\n\t\t\t\t<\/div>\n\t\t<div class=\"elementor-element elementor-element-aa98ae5 e-flex e-con-boxed e-con e-parent\" data-id=\"aa98ae5\" data-element_type=\"container\" data-e-type=\"container\">\n\t\t\t\t\t<div class=\"e-con-inner\">\n\t\t\t\t<div class=\"elementor-element elementor-element-2c8e85a elementor-widget elementor-widget-text-editor\" data-id=\"2c8e85a\" data-element_type=\"widget\" data-e-type=\"widget\" data-widget_type=\"text-editor.default\">\n\t\t\t\t<div class=\"elementor-widget-container\">\n\t\t\t\t\t\t\t\t\t<p style=\"text-align: center;\"><a href=\"https:\/\/help.volfix.net\/hc\/en-us\/articles\/4412917474193-How-to-optimise-Windows-and-macOS-for-VolFix\" target=\"_blank\" rel=\"noopener\">Comment optimiser Windows et macOS pour VolFix<\/a><\/p>\n<p><strong>Processeur :<\/strong> 2 c\u0153urs, 2,4 GHz. Recommand\u00e9 : <strong>4 c\u0153urs, 3,2 GHz<\/strong><\/p>\n<p><strong>M\u00e9moire RAM :<\/strong> 2 Go. Recommand\u00e9 : <strong>8 Go<\/strong><\/p>\n<p><strong>Internet :<\/strong> 10 Mb\/s. Recommand\u00e9 : <strong>Ethernet 100 Mb\/s<\/strong><\/p>\n<p><strong>\u00c9cran :<\/strong> Full HD. Recommand\u00e9 : <strong>2 \u00e0 4 \u00e9crans 2K<\/strong><\/p>\n<p><strong>Carte graphique :<\/strong> n&rsquo;importe laquelle. Recommand\u00e9 : <strong>NVIDIA\/AMD 1 Go RAM<\/strong><\/p>\n<p><strong>Syst\u00e8me d&rsquo;exploitation Windows :<\/strong> Windows 10 (1809 ou plus r\u00e9cent) 64 bits, Windows 11 64 bits.<\/p>\n<p><strong>Syst\u00e8me d&rsquo;exploitation MacOS :<\/strong> macOS Monterey (12) ou version ult\u00e9rieure. <strong>Processeur :<\/strong> Intel ou Apple Silicon.<\/p>\n<p><strong>Syst\u00e8me d&rsquo;exploitation Linux :<\/strong> Arch x86_64. <strong>Exigences :<\/strong> GLIBC 2.34, X11, GCC 10, OpenSSL 3.0.7, libxcb-xinerama0, libxcb-cursor0.<br>Ex\u00e9cutez <strong>chmod +x ~\/Downloads\/VolFix_setup_linux<\/strong> avant de lancer l&rsquo;installateur.<br>Lisez le fichier <strong>~\/VolFix\/VolFix\/INSTALL<\/strong>.<\/p>\n<p><strong>Param\u00e8tres du pare-feu :<\/strong> Autoriser tous les ports pour les h\u00f4tes :<br>*.volfix.net<\/p>\t\t\t\t\t\t\t\t<\/div>\n\t\t\t\t<\/div>\n\t\t\t\t\t<\/div>\n\t\t\t\t<\/div>\n\t\t\t\t<\/div>\n\t\t","protected":false},"excerpt":{"rendered":"<p>Comment optimiser Windows et macOS pour VolFix Processeur : 2 c\u0153urs, 2,4 GHz. Recommand\u00e9 : 4 c\u0153urs, 3,2 GHz M\u00e9moire RAM : 2 Go. Recommand\u00e9 : 8 Go Internet : 10 Mb\/s. Recommand\u00e9 : Ethernet 100 Mb\/s \u00c9cran : Full HD. Recommand\u00e9 : 2 \u00e0 4 \u00e9crans 2K Carte graphique : n&rsquo;importe laquelle. Recommand\u00e9 : [&hellip;]<\/p>\n","protected":false},"author":1,"featured_media":0,"parent":0,"menu_order":0,"comment_status":"closed","ping_status":"closed","template":"elementor_header_footer","meta":{"footnotes":""},"categories":[],"tags":[],"class_list":["post-3203","page","type-page","status-publish","hentry"],"aioseo_notices":[],"_links":{"self":[{"href":"https:\/\/volfix.net\/fr\/wp-json\/wp\/v2\/pages\/3203","targetHints":{"allow":["GET"]}}],"collection":[{"href":"https:\/\/volfix.net\/fr\/wp-json\/wp\/v2\/pages"}],"about":[{"href":"https:\/\/volfix.net\/fr\/wp-json\/wp\/v2\/types\/page"}],"author":[{"embeddable":true,"href":"https:\/\/volfix.net\/fr\/wp-json\/wp\/v2\/users\/1"}],"replies":[{"embeddable":true,"href":"https:\/\/volfix.net\/fr\/wp-json\/wp\/v2\/comments?post=3203"}],"version-history":[{"count":10,"href":"https:\/\/volfix.net\/fr\/wp-json\/wp\/v2\/pages\/3203\/revisions"}],"predecessor-version":[{"id":8349,"href":"https:\/\/volfix.net\/fr\/wp-json\/wp\/v2\/pages\/3203\/revisions\/8349"}],"wp:attachment":[{"href":"https:\/\/volfix.net\/fr\/wp-json\/wp\/v2\/media?parent=3203"}],"wp:term":[{"taxonomy":"category","embeddable":true,"href":"https:\/\/volfix.net\/fr\/wp-json\/wp\/v2\/categories?post=3203"},{"taxonomy":"post_tag","embeddable":true,"href":"https:\/\/volfix.net\/fr\/wp-json\/wp\/v2\/tags?post=3203"}],"curies":[{"name":"wp","href":"https:\/\/api.w.org\/{rel}","templated":true}]}}