{"id":3060,"date":"2024-09-13T04:11:46","date_gmt":"2024-09-13T03:11:46","guid":{"rendered":"https:\/\/new.volfix.net\/?page_id=3060"},"modified":"2025-09-01T14:21:51","modified_gmt":"2025-09-01T13:21:51","slug":"trading-gateways-fr","status":"publish","type":"page","link":"https:\/\/volfix.net\/fr\/trading-gateways-fr\/","title":{"rendered":"Passerelles de Trading"},"content":{"rendered":"\t\t<div data-elementor-type=\"wp-post\" data-elementor-id=\"3060\" class=\"elementor elementor-3060 elementor-591\" data-elementor-post-type=\"page\">\n\t\t\t\t<div class=\"elementor-element elementor-element-700d78e e-con-full e-flex e-con e-parent\" data-id=\"700d78e\" data-element_type=\"container\" data-e-type=\"container\" data-settings=\"{&quot;background_background&quot;:&quot;classic&quot;,&quot;motion_fx_motion_fx_scrolling&quot;:&quot;yes&quot;,&quot;motion_fx_devices&quot;:[&quot;desktop&quot;,&quot;tablet&quot;,&quot;mobile&quot;]}\">\n\t\t<div class=\"elementor-element elementor-element-3d5b341 e-con-full e-flex e-con e-child\" data-id=\"3d5b341\" data-element_type=\"container\" data-e-type=\"container\">\n\t\t\t\t<div class=\"elementor-element elementor-element-a34ffa8 elementor-widget elementor-widget-template\" data-id=\"a34ffa8\" data-element_type=\"widget\" data-e-type=\"widget\" data-widget_type=\"template.default\">\n\t\t\t\t<div class=\"elementor-widget-container\">\n\t\t\t\t\t\t\t<div class=\"elementor-template\">\n\t\t\t\t\t<div data-elementor-type=\"container\" data-elementor-id=\"1533\" class=\"elementor elementor-1533\" data-elementor-post-type=\"elementor_library\">\n\t\t\t\t<div class=\"elementor-element elementor-element-1ddc51c1 e-flex e-con-boxed e-con e-child\" data-id=\"1ddc51c1\" data-element_type=\"container\" data-e-type=\"container\" data-settings=\"{&quot;motion_fx_motion_fx_scrolling&quot;:&quot;yes&quot;,&quot;motion_fx_opacity_effect&quot;:&quot;yes&quot;,&quot;motion_fx_opacity_direction&quot;:&quot;in-out&quot;,&quot;motion_fx_opacity_level&quot;:{&quot;unit&quot;:&quot;px&quot;,&quot;size&quot;:12,&quot;sizes&quot;:[]},&quot;motion_fx_opacity_range&quot;:{&quot;unit&quot;:&quot;%&quot;,&quot;size&quot;:&quot;&quot;,&quot;sizes&quot;:{&quot;start&quot;:98,&quot;end&quot;:99}},&quot;motion_fx_range&quot;:&quot;viewport&quot;,&quot;motion_fx_devices&quot;:[&quot;desktop&quot;,&quot;tablet&quot;,&quot;mobile&quot;]}\">\n\t\t\t\t\t<div class=\"e-con-inner\">\n\t\t\t\t<div class=\"elementor-element elementor-element-46516598 elementor-widget elementor-widget-global elementor-global-1527 elementor-widget-heading\" data-id=\"46516598\" data-element_type=\"widget\" data-e-type=\"widget\" data-widget_type=\"heading.default\">\n\t\t\t\t<div class=\"elementor-widget-container\">\n\t\t\t\t\t<h2 class=\"elementor-heading-title elementor-size-default\">Passerelles de trading<\/h2>\t\t\t\t<\/div>\n\t\t\t\t<\/div>\n\t\t\t\t<div class=\"elementor-element elementor-element-492f2761 elementor-widget-divider--view-line elementor-widget elementor-widget-global elementor-global-1470 elementor-widget-divider\" data-id=\"492f2761\" data-element_type=\"widget\" data-e-type=\"widget\" data-widget_type=\"divider.default\">\n\t\t\t\t<div class=\"elementor-widget-container\">\n\t\t\t\t\t\t\t<div class=\"elementor-divider\">\n\t\t\t<span class=\"elementor-divider-separator\">\n\t\t\t\t\t\t<\/span>\n\t\t<\/div>\n\t\t\t\t\t\t<\/div>\n\t\t\t\t<\/div>\n\t\t\t\t<div class=\"elementor-element elementor-element-46368db elementor-widget elementor-widget-global elementor-global-1530 elementor-widget-text-editor\" data-id=\"46368db\" data-element_type=\"widget\" data-e-type=\"widget\" data-widget_type=\"text-editor.default\">\n\t\t\t\t<div class=\"elementor-widget-container\">\n\t\t\t\t\t\t\t\t\tCONNECTEZ VOTRE ORDER WINDOW AVEC LE FLUX DE DONN\u00c9ES DIRECT\t\t\t\t\t\t\t\t<\/div>\n\t\t\t\t<\/div>\n\t\t\t\t\t<\/div>\n\t\t\t\t<\/div>\n\t\t\t\t<\/div>\n\t\t\t\t<\/div>\n\t\t\t\t\t\t<\/div>\n\t\t\t\t<\/div>\n\t\t\t\t<\/div>\n\t\t\t\t<\/div>\n\t\t<div class=\"elementor-element elementor-element-aa98ae5 e-flex e-con-boxed e-con e-parent\" data-id=\"aa98ae5\" data-element_type=\"container\" data-e-type=\"container\">\n\t\t\t\t\t<div class=\"e-con-inner\">\n\t\t<div class=\"elementor-element elementor-element-5f95179 e-con-full e-flex e-con e-child\" data-id=\"5f95179\" data-element_type=\"container\" data-e-type=\"container\">\n\t\t\t\t<div class=\"elementor-element elementor-element-ea2863d elementor-widget elementor-widget-heading\" data-id=\"ea2863d\" data-element_type=\"widget\" data-e-type=\"widget\" data-widget_type=\"heading.default\">\n\t\t\t\t<div class=\"elementor-widget-container\">\n\t\t\t\t\t<h2 class=\"elementor-heading-title elementor-size-default\">PASSERELLES DE TRADING DISPONIBLES\n<\/h2>\t\t\t\t<\/div>\n\t\t\t\t<\/div>\n\t\t\t\t<div class=\"elementor-element elementor-element-f590bf6 elementor-widget-divider--view-line elementor-widget elementor-widget-divider\" data-id=\"f590bf6\" data-element_type=\"widget\" data-e-type=\"widget\" data-widget_type=\"divider.default\">\n\t\t\t\t<div class=\"elementor-widget-container\">\n\t\t\t\t\t\t\t<div class=\"elementor-divider\">\n\t\t\t<span class=\"elementor-divider-separator\">\n\t\t\t\t\t\t<\/span>\n\t\t<\/div>\n\t\t\t\t\t\t<\/div>\n\t\t\t\t<\/div>\n\t\t\t\t<div class=\"elementor-element elementor-element-0728b75 elementor-widget elementor-widget-heading\" data-id=\"0728b75\" data-element_type=\"widget\" data-e-type=\"widget\" data-widget_type=\"heading.default\">\n\t\t\t\t<div class=\"elementor-widget-container\">\n\t\t\t\t\t<h2 class=\"elementor-heading-title elementor-size-default\">COMMENT CONNECTER L'ORDER WINDOW<\/h2>\t\t\t\t<\/div>\n\t\t\t\t<\/div>\n\t\t\t\t<\/div>\n\t\t\t\t<div class=\"elementor-element elementor-element-cad9679 elementor-widget elementor-widget-eael-adv-tabs\" data-id=\"cad9679\" data-element_type=\"widget\" data-e-type=\"widget\" data-widget_type=\"eael-adv-tabs.default\">\n\t\t\t\t<div class=\"elementor-widget-container\">\n\t\t\t\t\t        <div data-scroll-on-click=\"no\" data-scroll-speed=\"300\" id=\"eael-advance-tabs-cad9679\" class=\"eael-advance-tabs eael-tabs-vertical eael-tab-auto-active  active-caret-on\" data-tabid=\"cad9679\">\n            <div class=\"eael-tabs-nav \">\n                <ul class=\"eael-tab-inline-icon\" role=\"tablist\">\n                                            <li id=\"cqg\" class=\"active-default eael-tab-item-trigger eael-tab-nav-item\" aria-selected=\"true\" data-tab=\"1\" role=\"tab\" tabindex=\"0\" aria-controls=\"cqg-tab\" aria-expanded=\"false\">\n                            \n                                                                <svg xmlns=\"http:\/\/www.w3.org\/2000\/svg\" width=\"1em\" height=\"1em\" viewBox=\"0 0 24 24\"><path fill=\"currentColor\" d=\"M10 20a2.98 2.98 0 0 1-2.122-.879C7.312 18.555 7 17.801 7 17s.312-1.555.879-2.122L10.757 12L7.879 9.121C7.312 8.555 7 7.801 7 7s.312-1.555.879-2.122c1.133-1.132 3.109-1.133 4.243.001L19.243 12l-7.122 7.121A2.976 2.976 0 0 1 10 20m0-14a.995.995 0 0 0-1 1c0 .267.104.518.293.707L13.585 12l-4.292 4.293C9.104 16.482 9 16.732 9 17s.104.518.293.707a1.023 1.023 0 0 0 1.414.001L16.415 12l-5.708-5.707A.991.991 0 0 0 10 6\"><\/path><\/svg>                                                            \n                                                            <span class=\"eael-tab-title title-after-icon\" >CQG<\/span>                            \n                                                    <\/li>\n                                            <li id=\"rithmic\" class=\"inactive eael-tab-item-trigger eael-tab-nav-item\" aria-selected=\"false\" data-tab=\"2\" role=\"tab\" tabindex=\"-1\" aria-controls=\"rithmic-tab\" aria-expanded=\"false\">\n                            \n                                                                <svg xmlns=\"http:\/\/www.w3.org\/2000\/svg\" width=\"1em\" height=\"1em\" viewBox=\"0 0 24 24\"><path fill=\"currentColor\" d=\"M10 20a2.98 2.98 0 0 1-2.122-.879C7.312 18.555 7 17.801 7 17s.312-1.555.879-2.122L10.757 12L7.879 9.121C7.312 8.555 7 7.801 7 7s.312-1.555.879-2.122c1.133-1.132 3.109-1.133 4.243.001L19.243 12l-7.122 7.121A2.976 2.976 0 0 1 10 20m0-14a.995.995 0 0 0-1 1c0 .267.104.518.293.707L13.585 12l-4.292 4.293C9.104 16.482 9 16.732 9 17s.104.518.293.707a1.023 1.023 0 0 0 1.414.001L16.415 12l-5.708-5.707A.991.991 0 0 0 10 6\"><\/path><\/svg>                                                            \n                                                            <span class=\"eael-tab-title title-after-icon\" >Rithmic<\/span>                            \n                                                    <\/li>\n                                            <li id=\"binance\" class=\"inactive eael-tab-item-trigger eael-tab-nav-item\" aria-selected=\"false\" data-tab=\"3\" role=\"tab\" tabindex=\"-1\" aria-controls=\"binance-tab\" aria-expanded=\"false\">\n                            \n                                                                <svg xmlns=\"http:\/\/www.w3.org\/2000\/svg\" width=\"1em\" height=\"1em\" viewBox=\"0 0 24 24\"><path fill=\"currentColor\" d=\"M10 20a2.98 2.98 0 0 1-2.122-.879C7.312 18.555 7 17.801 7 17s.312-1.555.879-2.122L10.757 12L7.879 9.121C7.312 8.555 7 7.801 7 7s.312-1.555.879-2.122c1.133-1.132 3.109-1.133 4.243.001L19.243 12l-7.122 7.121A2.976 2.976 0 0 1 10 20m0-14a.995.995 0 0 0-1 1c0 .267.104.518.293.707L13.585 12l-4.292 4.293C9.104 16.482 9 16.732 9 17s.104.518.293.707a1.023 1.023 0 0 0 1.414.001L16.415 12l-5.708-5.707A.991.991 0 0 0 10 6\"><\/path><\/svg>                                                            \n                                                            <span class=\"eael-tab-title title-after-icon\" >Binance<\/span>                            \n                                                    <\/li>\n                    \n                                  <\/ul>\n            <\/div>\n            \n            <div class=\"eael-tabs-content\">\n\t\t        \n                    <div id=\"cqg-tab\" class=\"clearfix eael-tab-content-item active-default\" data-title-link=\"cqg-tab\">\n\t\t\t\t        <p><img decoding=\"async\" class=\"size-medium wp-image-5924\" src=\"https:\/\/volfix.net\/wp-content\/uploads\/2024\/06\/cqg_logo1-300x72-1.jpg\" alt=\"cqg_logo_color_gray\" width=\"300\" height=\"72\" \/><\/p><h5><span style=\"color: #9ca8ae\">La plateforme dispose de toutes les fonctionnalit\u00e9s pour envoyer des ordres via CQG<\/span><\/h5><p><a href=\"http:\/\/www.cqg.com\/partners\/fcms\" target=\"_blank\" rel=\"noopener noreferrer\">Liste des courtiers proposant CQG<\/a><\/p><p><strong>Connexion \u00e0 CQG:<\/strong><br \/><strong>1.<\/strong> Market Watch -&gt; setup -&gt; Connections<br \/><strong>2.<\/strong> New -&gt; CQG<br \/><strong>3.<\/strong> Entrez vos identifiants de connexion et mot de passe CQG<br \/><strong>4.<\/strong> Cliquez sur Apply<br \/><strong>5.<\/strong> Fermez la fen\u00eatre des connexions CQG apr\u00e8s une connexion r\u00e9ussie<br \/><strong>6.<\/strong> S\u00e9lectionnez votre compte XXXXX CQG dans la liste des comptes<br \/><strong>7.<\/strong> Tout est pr\u00eat pour commencer \u00e0 trader<\/p><p>Tous les ordres complexes (T\/S, S\/L, T\/P, Trigger) sont trait\u00e9s et stock\u00e9s c\u00f4t\u00e9 serveur et fonctionneront m\u00eame avec le terminal ferm\u00e9.<br \/>Vous pouvez vous connecter \u00e0 plusieurs logins CQG simultan\u00e9ment (3 logins gratuits).<\/p><blockquote><p><strong>Attention!<\/strong> En cas d&rsquo;erreur de connexion, pour vous reconnecter \u00e0 la passerelle, proc\u00e9dez comme suit: D\u00e9finissez l&rsquo;\u00e9tat sur OFF, cliquez sur Apply, puis d\u00e9finissez l&rsquo;\u00e9tat sur ON et cliquez \u00e0 nouveau sur Apply dans Market Watch -&gt; setup -&gt; Connections.<br \/><strong>Attention!<\/strong> Il n&rsquo;est pas recommand\u00e9 d&rsquo;utiliser simultan\u00e9ment le m\u00eame compte dans VolFix et un autre terminal de trading.<br \/><strong>Attention!<\/strong> Vos identifiants sont stock\u00e9s sur les serveurs de la plateforme VolFix. Ces informations sont toujours crypt\u00e9es pendant leur stockage et leur transfert. Le personnel de VolFix n&rsquo;a pas acc\u00e8s \u00e0 vos donn\u00e9es de connexion et mot de passe.<\/p><\/blockquote>                    <\/div>\n\t\t        \n                    <div id=\"rithmic-tab\" class=\"clearfix eael-tab-content-item inactive\" data-title-link=\"rithmic-tab\">\n\t\t\t\t        <p><img decoding=\"async\" class=\"alignnone size-medium wp-image-5931\" src=\"https:\/\/volfix.net\/wp-content\/uploads\/2024\/06\/rithmic1-300x79-1.png\" alt=\"rithmic\" width=\"300\" height=\"79\" \/><\/p><h5><span style=\"color: #9ca8ae\">La plateforme offre une fonctionnalit\u00e9 compl\u00e8te pour envoyer des ordres via Rithmic<\/span><\/h5><p><a href=\"https:\/\/www.rithmic.com\/introducingbrokers\" target=\"_blank\" rel=\"noopener noreferrer\">Liste des brokers prenant en charge Rithmic<\/a><\/p><p><strong>Connexion \u00e0 Rithmic:<\/strong><br \/><strong>1.<\/strong> T\u00e9l\u00e9chargez et installez <a href=\"http:\/\/www3.rithmic.com\/?page_id=16\" target=\"_blank\" rel=\"noopener noreferrer\">R|Trader<\/a>. Ex\u00e9cutez R|Trader. Signez la licence CME. Fermez R|Trader.<br \/><strong>2.<\/strong> Market Watch -&gt; setup -&gt; Connections<br \/><strong>3.<\/strong> New -&gt; Rithmic<br \/><strong>4.<\/strong> Entrez votre identifiant et mot de passe Rithmic<br \/><strong>5.<\/strong> Cliquez sur Apply<br \/><strong>6.<\/strong> Apr\u00e8s une connexion r\u00e9ussie, fermez la fen\u00eatre de connexions Rithmic<br \/><strong>7.<\/strong> S\u00e9lectionnez votre compte XXXXX RT dans la liste<br \/><strong>8.<\/strong> Tout est pr\u00eat pour commencer \u00e0 trader<\/p><p>Tous les ordres complexes (T\/S, S\/L, T\/P, Trigger) sont trait\u00e9s et stock\u00e9s c\u00f4t\u00e9 serveur, et fonctionneront m\u00eame avec le terminal ferm\u00e9.<br \/>Vous pouvez vous connecter simultan\u00e9ment \u00e0 plusieurs logins Rithmic (3 logins gratuits).<\/p><blockquote><p><strong>Attention !<\/strong> En cas d&rsquo;erreur de connexion, faites ceci : Mettez State=OFF, cliquez sur Apply, puis mettez State=ON et cliquez sur Market Watch -&gt; setup -&gt; Connections.<\/p><p><strong>Attention !<\/strong> Il est d\u00e9conseill\u00e9 de trader simultan\u00e9ment avec le m\u00eame compte sur VolFix et un autre terminal de trading.<\/p><p><strong>Attention !<\/strong> Vos identifiants sont stock\u00e9s sur les serveurs de la plateforme VolFix. Ces informations sont toujours crypt\u00e9es lors du stockage et de la transmission. Le personnel de VolFix n&rsquo;a pas acc\u00e8s \u00e0 vos donn\u00e9es de login et mot de passe.<\/p><\/blockquote>                    <\/div>\n\t\t        \n                    <div id=\"binance-tab\" class=\"clearfix eael-tab-content-item inactive\" data-title-link=\"binance-tab\">\n\t\t\t\t        <h5><span style=\"color: #9ca8ae\">La plateforme dispose de toutes les fonctionnalit\u00e9s pour envoyer des ordres via Binance<\/span><\/h5><p><strong>Connexion \u00e0 Binance :<\/strong><br \/><strong>1.<\/strong> Market Watch -&gt; setup -&gt; Connections<br \/><strong>2.<\/strong> Cliquez sur New -&gt; Crypto<br \/><strong>3.<\/strong> Choisissez Binance dans le champ System<br \/><strong>4.<\/strong> Entrez le nom de la connexion (que vous inventez) dans le champ Name<br \/><strong>5.<\/strong> Entrez la cl\u00e9 API de votre compte Binance et la cl\u00e9 secr\u00e8te<br \/><strong>6.<\/strong> Cliquez sur Apply<br \/><strong>7.<\/strong> Apr\u00e8s une connexion r\u00e9ussie, fermez la fen\u00eatre de connexions Binance<br \/><strong>8.<\/strong> S\u00e9lectionnez votre compte \u00ab\u00a0Connection Name\u00a0\u00bb CRYPTO dans la liste des comptes<br \/><strong>9.<\/strong> Tout est pr\u00eat pour commencer \u00e0 trader<\/p><p>Tous les ordres complexes (T\/S, S\/L, T\/P, Trigger) sont trait\u00e9s et stock\u00e9s c\u00f4t\u00e9 serveur et fonctionneront avec le terminal ferm\u00e9.<br \/>Vous pouvez connecter jusqu&rsquo;\u00e0 5 comptes Binance simultan\u00e9ment.<\/p><blockquote><p><strong>Attention !<\/strong> S&rsquo;il y a une erreur de connexion, faites ceci : R\u00e9glez State=OFF, cliquez sur Apply, puis r\u00e9glez State=ON et cliquez \u00e0 nouveau sur Market Watch -&gt; setup -&gt; Connections.<\/p><p><strong>Attention !<\/strong> Il n&rsquo;est pas recommand\u00e9 de trader le m\u00eame compte simultan\u00e9ment sur VolFix et un autre terminal de trading.<\/p><p><strong>Attention !<\/strong> Vos informations d&rsquo;identification sont stock\u00e9es sur les serveurs de la plateforme VolFix. Ces informations sont toujours crypt\u00e9es lors du stockage et du transfert. Le personnel de VolFix n&rsquo;a pas acc\u00e8s \u00e0 vos identifiants et mots de passe.<\/p><\/blockquote>                    <\/div>\n\t\t                    <\/div>\n        <\/div>\n\t\t\t\t<\/div>\n\t\t\t\t<\/div>\n\t\t\t\t\t<\/div>\n\t\t\t\t<\/div>\n\t\t\t\t<\/div>\n\t\t","protected":false},"excerpt":{"rendered":"<p>PASSERELLES DE TRADING DISPONIBLES COMMENT CONNECTER L&rsquo;ORDER WINDOW CQG Rithmic Binance La plateforme dispose de toutes les fonctionnalit\u00e9s pour envoyer des ordres via CQG Liste des courtiers proposant CQG Connexion \u00e0 CQG:1. Market Watch -&gt; setup -&gt; Connections2. New -&gt; CQG3. Entrez vos identifiants de connexion et mot de passe CQG4. Cliquez sur Apply5. Fermez [&hellip;]<\/p>\n","protected":false},"author":1,"featured_media":0,"parent":0,"menu_order":0,"comment_status":"closed","ping_status":"closed","template":"elementor_header_footer","meta":{"footnotes":""},"categories":[],"tags":[],"class_list":["post-3060","page","type-page","status-publish","hentry"],"aioseo_notices":[],"_links":{"self":[{"href":"https:\/\/volfix.net\/fr\/wp-json\/wp\/v2\/pages\/3060","targetHints":{"allow":["GET"]}}],"collection":[{"href":"https:\/\/volfix.net\/fr\/wp-json\/wp\/v2\/pages"}],"about":[{"href":"https:\/\/volfix.net\/fr\/wp-json\/wp\/v2\/types\/page"}],"author":[{"embeddable":true,"href":"https:\/\/volfix.net\/fr\/wp-json\/wp\/v2\/users\/1"}],"replies":[{"embeddable":true,"href":"https:\/\/volfix.net\/fr\/wp-json\/wp\/v2\/comments?post=3060"}],"version-history":[{"count":31,"href":"https:\/\/volfix.net\/fr\/wp-json\/wp\/v2\/pages\/3060\/revisions"}],"predecessor-version":[{"id":8282,"href":"https:\/\/volfix.net\/fr\/wp-json\/wp\/v2\/pages\/3060\/revisions\/8282"}],"wp:attachment":[{"href":"https:\/\/volfix.net\/fr\/wp-json\/wp\/v2\/media?parent=3060"}],"wp:term":[{"taxonomy":"category","embeddable":true,"href":"https:\/\/volfix.net\/fr\/wp-json\/wp\/v2\/categories?post=3060"},{"taxonomy":"post_tag","embeddable":true,"href":"https:\/\/volfix.net\/fr\/wp-json\/wp\/v2\/tags?post=3060"}],"curies":[{"name":"wp","href":"https:\/\/api.w.org\/{rel}","templated":true}]}}