{"id":3059,"date":"2024-09-13T04:10:56","date_gmt":"2024-09-13T03:10:56","guid":{"rendered":"https:\/\/new.volfix.net\/?page_id=3059"},"modified":"2025-09-01T14:22:30","modified_gmt":"2025-09-01T13:22:30","slug":"trading-gateways-es","status":"publish","type":"page","link":"https:\/\/volfix.net\/es\/trading-gateways-es\/","title":{"rendered":"Pasarelas de Trading"},"content":{"rendered":"\t\t<div data-elementor-type=\"wp-post\" data-elementor-id=\"3059\" class=\"elementor elementor-3059 elementor-591\" data-elementor-post-type=\"page\">\n\t\t\t\t<div class=\"elementor-element elementor-element-700d78e e-con-full e-flex e-con e-parent\" data-id=\"700d78e\" data-element_type=\"container\" data-e-type=\"container\" data-settings=\"{&quot;background_background&quot;:&quot;classic&quot;,&quot;motion_fx_motion_fx_scrolling&quot;:&quot;yes&quot;,&quot;motion_fx_devices&quot;:[&quot;desktop&quot;,&quot;tablet&quot;,&quot;mobile&quot;]}\">\n\t\t<div class=\"elementor-element elementor-element-3d5b341 e-con-full e-flex e-con e-child\" data-id=\"3d5b341\" data-element_type=\"container\" data-e-type=\"container\">\n\t\t\t\t<div class=\"elementor-element elementor-element-a34ffa8 elementor-widget elementor-widget-template\" data-id=\"a34ffa8\" data-element_type=\"widget\" data-e-type=\"widget\" data-widget_type=\"template.default\">\n\t\t\t\t<div class=\"elementor-widget-container\">\n\t\t\t\t\t\t\t<div class=\"elementor-template\">\n\t\t\t\t\t<div data-elementor-type=\"container\" data-elementor-id=\"1533\" class=\"elementor elementor-1533\" data-elementor-post-type=\"elementor_library\">\n\t\t\t\t<div class=\"elementor-element elementor-element-1ddc51c1 e-flex e-con-boxed e-con e-child\" data-id=\"1ddc51c1\" data-element_type=\"container\" data-e-type=\"container\" data-settings=\"{&quot;motion_fx_motion_fx_scrolling&quot;:&quot;yes&quot;,&quot;motion_fx_opacity_effect&quot;:&quot;yes&quot;,&quot;motion_fx_opacity_direction&quot;:&quot;in-out&quot;,&quot;motion_fx_opacity_level&quot;:{&quot;unit&quot;:&quot;px&quot;,&quot;size&quot;:12,&quot;sizes&quot;:[]},&quot;motion_fx_opacity_range&quot;:{&quot;unit&quot;:&quot;%&quot;,&quot;size&quot;:&quot;&quot;,&quot;sizes&quot;:{&quot;start&quot;:98,&quot;end&quot;:99}},&quot;motion_fx_range&quot;:&quot;viewport&quot;,&quot;motion_fx_devices&quot;:[&quot;desktop&quot;,&quot;tablet&quot;,&quot;mobile&quot;]}\">\n\t\t\t\t\t<div class=\"e-con-inner\">\n\t\t\t\t<div class=\"elementor-element elementor-element-46516598 elementor-widget elementor-widget-global elementor-global-1527 elementor-widget-heading\" data-id=\"46516598\" data-element_type=\"widget\" data-e-type=\"widget\" data-widget_type=\"heading.default\">\n\t\t\t\t<div class=\"elementor-widget-container\">\n\t\t\t\t\t<h2 class=\"elementor-heading-title elementor-size-default\">Puertas de enlace de comercio<\/h2>\t\t\t\t<\/div>\n\t\t\t\t<\/div>\n\t\t\t\t<div class=\"elementor-element elementor-element-492f2761 elementor-widget-divider--view-line elementor-widget elementor-widget-global elementor-global-1470 elementor-widget-divider\" data-id=\"492f2761\" data-element_type=\"widget\" data-e-type=\"widget\" data-widget_type=\"divider.default\">\n\t\t\t\t<div class=\"elementor-widget-container\">\n\t\t\t\t\t\t\t<div class=\"elementor-divider\">\n\t\t\t<span class=\"elementor-divider-separator\">\n\t\t\t\t\t\t<\/span>\n\t\t<\/div>\n\t\t\t\t\t\t<\/div>\n\t\t\t\t<\/div>\n\t\t\t\t<div class=\"elementor-element elementor-element-46368db elementor-widget elementor-widget-global elementor-global-1530 elementor-widget-text-editor\" data-id=\"46368db\" data-element_type=\"widget\" data-e-type=\"widget\" data-widget_type=\"text-editor.default\">\n\t\t\t\t<div class=\"elementor-widget-container\">\n\t\t\t\t\t\t\t\t\tCONECTE SU ORDER WINDOW CON DATOS EN TIEMPO REAL\t\t\t\t\t\t\t\t<\/div>\n\t\t\t\t<\/div>\n\t\t\t\t\t<\/div>\n\t\t\t\t<\/div>\n\t\t\t\t<\/div>\n\t\t\t\t<\/div>\n\t\t\t\t\t\t<\/div>\n\t\t\t\t<\/div>\n\t\t\t\t<\/div>\n\t\t\t\t<\/div>\n\t\t<div class=\"elementor-element elementor-element-aa98ae5 e-flex e-con-boxed e-con e-parent\" data-id=\"aa98ae5\" data-element_type=\"container\" data-e-type=\"container\">\n\t\t\t\t\t<div class=\"e-con-inner\">\n\t\t<div class=\"elementor-element elementor-element-5f95179 e-con-full e-flex e-con e-child\" data-id=\"5f95179\" data-element_type=\"container\" data-e-type=\"container\">\n\t\t\t\t<div class=\"elementor-element elementor-element-ea2863d elementor-widget elementor-widget-heading\" data-id=\"ea2863d\" data-element_type=\"widget\" data-e-type=\"widget\" data-widget_type=\"heading.default\">\n\t\t\t\t<div class=\"elementor-widget-container\">\n\t\t\t\t\t<h2 class=\"elementor-heading-title elementor-size-default\">PUERTAS DE ENLACE DISPONIBLES<\/h2>\t\t\t\t<\/div>\n\t\t\t\t<\/div>\n\t\t\t\t<div class=\"elementor-element elementor-element-f590bf6 elementor-widget-divider--view-line elementor-widget elementor-widget-divider\" data-id=\"f590bf6\" data-element_type=\"widget\" data-e-type=\"widget\" data-widget_type=\"divider.default\">\n\t\t\t\t<div class=\"elementor-widget-container\">\n\t\t\t\t\t\t\t<div class=\"elementor-divider\">\n\t\t\t<span class=\"elementor-divider-separator\">\n\t\t\t\t\t\t<\/span>\n\t\t<\/div>\n\t\t\t\t\t\t<\/div>\n\t\t\t\t<\/div>\n\t\t\t\t<div class=\"elementor-element elementor-element-0728b75 elementor-widget elementor-widget-heading\" data-id=\"0728b75\" data-element_type=\"widget\" data-e-type=\"widget\" data-widget_type=\"heading.default\">\n\t\t\t\t<div class=\"elementor-widget-container\">\n\t\t\t\t\t<h2 class=\"elementor-heading-title elementor-size-default\">C\u00d3MO CONECTAR EL ORDER WINDOW<\/h2>\t\t\t\t<\/div>\n\t\t\t\t<\/div>\n\t\t\t\t<\/div>\n\t\t\t\t<div class=\"elementor-element elementor-element-cad9679 elementor-widget elementor-widget-eael-adv-tabs\" data-id=\"cad9679\" data-element_type=\"widget\" data-e-type=\"widget\" data-widget_type=\"eael-adv-tabs.default\">\n\t\t\t\t<div class=\"elementor-widget-container\">\n\t\t\t\t\t        <div data-scroll-on-click=\"no\" data-scroll-speed=\"300\" id=\"eael-advance-tabs-cad9679\" class=\"eael-advance-tabs eael-tabs-vertical eael-tab-auto-active  active-caret-on\" data-tabid=\"cad9679\">\n            <div class=\"eael-tabs-nav \">\n                <ul class=\"eael-tab-inline-icon\" role=\"tablist\">\n                                            <li id=\"cqg\" class=\"active-default eael-tab-item-trigger eael-tab-nav-item\" aria-selected=\"true\" data-tab=\"1\" role=\"tab\" tabindex=\"0\" aria-controls=\"cqg-tab\" aria-expanded=\"false\">\n                            \n                                                                <svg xmlns=\"http:\/\/www.w3.org\/2000\/svg\" width=\"1em\" height=\"1em\" viewBox=\"0 0 24 24\"><path fill=\"currentColor\" d=\"M10 20a2.98 2.98 0 0 1-2.122-.879C7.312 18.555 7 17.801 7 17s.312-1.555.879-2.122L10.757 12L7.879 9.121C7.312 8.555 7 7.801 7 7s.312-1.555.879-2.122c1.133-1.132 3.109-1.133 4.243.001L19.243 12l-7.122 7.121A2.976 2.976 0 0 1 10 20m0-14a.995.995 0 0 0-1 1c0 .267.104.518.293.707L13.585 12l-4.292 4.293C9.104 16.482 9 16.732 9 17s.104.518.293.707a1.023 1.023 0 0 0 1.414.001L16.415 12l-5.708-5.707A.991.991 0 0 0 10 6\"><\/path><\/svg>                                                            \n                                                            <span class=\"eael-tab-title title-after-icon\" >CQG<\/span>                            \n                                                    <\/li>\n                                            <li id=\"rithmic\" class=\"inactive eael-tab-item-trigger eael-tab-nav-item\" aria-selected=\"false\" data-tab=\"2\" role=\"tab\" tabindex=\"-1\" aria-controls=\"rithmic-tab\" aria-expanded=\"false\">\n                            \n                                                                <svg xmlns=\"http:\/\/www.w3.org\/2000\/svg\" width=\"1em\" height=\"1em\" viewBox=\"0 0 24 24\"><path fill=\"currentColor\" d=\"M10 20a2.98 2.98 0 0 1-2.122-.879C7.312 18.555 7 17.801 7 17s.312-1.555.879-2.122L10.757 12L7.879 9.121C7.312 8.555 7 7.801 7 7s.312-1.555.879-2.122c1.133-1.132 3.109-1.133 4.243.001L19.243 12l-7.122 7.121A2.976 2.976 0 0 1 10 20m0-14a.995.995 0 0 0-1 1c0 .267.104.518.293.707L13.585 12l-4.292 4.293C9.104 16.482 9 16.732 9 17s.104.518.293.707a1.023 1.023 0 0 0 1.414.001L16.415 12l-5.708-5.707A.991.991 0 0 0 10 6\"><\/path><\/svg>                                                            \n                                                            <span class=\"eael-tab-title title-after-icon\" >Rithmic<\/span>                            \n                                                    <\/li>\n                                            <li id=\"binance\" class=\"inactive eael-tab-item-trigger eael-tab-nav-item\" aria-selected=\"false\" data-tab=\"3\" role=\"tab\" tabindex=\"-1\" aria-controls=\"binance-tab\" aria-expanded=\"false\">\n                            \n                                                                <svg xmlns=\"http:\/\/www.w3.org\/2000\/svg\" width=\"1em\" height=\"1em\" viewBox=\"0 0 24 24\"><path fill=\"currentColor\" d=\"M10 20a2.98 2.98 0 0 1-2.122-.879C7.312 18.555 7 17.801 7 17s.312-1.555.879-2.122L10.757 12L7.879 9.121C7.312 8.555 7 7.801 7 7s.312-1.555.879-2.122c1.133-1.132 3.109-1.133 4.243.001L19.243 12l-7.122 7.121A2.976 2.976 0 0 1 10 20m0-14a.995.995 0 0 0-1 1c0 .267.104.518.293.707L13.585 12l-4.292 4.293C9.104 16.482 9 16.732 9 17s.104.518.293.707a1.023 1.023 0 0 0 1.414.001L16.415 12l-5.708-5.707A.991.991 0 0 0 10 6\"><\/path><\/svg>                                                            \n                                                            <span class=\"eael-tab-title title-after-icon\" >Binance<\/span>                            \n                                                    <\/li>\n                    \n                                  <\/ul>\n            <\/div>\n            \n            <div class=\"eael-tabs-content\">\n\t\t        \n                    <div id=\"cqg-tab\" class=\"clearfix eael-tab-content-item active-default\" data-title-link=\"cqg-tab\">\n\t\t\t\t        <p><img decoding=\"async\" class=\"size-medium wp-image-5924\" src=\"https:\/\/volfix.net\/wp-content\/uploads\/2024\/06\/cqg_logo1-300x72-1.jpg\" alt=\"cqg_logo_color_gray\" width=\"300\" height=\"72\" \/><\/p><h5><span style=\"color: #9ca8ae\">La plataforma cuenta con todas las funciones necesarias para enviar \u00f3rdenes a trav\u00e9s de CQG<\/span><\/h5><p><a href=\"http:\/\/www.cqg.com\/partners\/fcms\" target=\"_blank\" rel=\"noopener noreferrer\">Lista de brokers que ofrecen CQG<\/a><\/p><p><strong>Conexi\u00f3n a CQG:<\/strong><br \/><strong>1.<\/strong> Market Watch -&gt; setup -&gt; Connections<br \/><strong>2.<\/strong> New -&gt; CQG<br \/><strong>3.<\/strong> Introduzca los datos de su cuenta CQG y la contrase\u00f1a<br \/><strong>4.<\/strong> Haga clic en Apply<br \/><strong>5.<\/strong> Cierre la ventana de conexiones CQG despu\u00e9s de la conexi\u00f3n exitosa<br \/><strong>6.<\/strong> Seleccione su cuenta XXXXX CQG de la lista de cuentas<br \/><strong>7.<\/strong> Todo est\u00e1 listo para comenzar a operar<\/p><p>Todas las \u00f3rdenes complejas (T\/S, S\/L, T\/P, Trigger) se procesan y almacenan en el servidor y funcionar\u00e1n con el terminal cerrado.<br \/>Puede conectarse a cualquier n\u00famero de inicios de sesi\u00f3n de CQG simult\u00e1neamente (3 logins gratuitos).<\/p><blockquote><p><strong>\u00a1Atenci\u00f3n!<\/strong> Si hay un error de conexi\u00f3n, para reconectar a la pasarela, haga lo siguiente: configure el estado en OFF, haga clic en Apply, luego configure el estado en ON y haga clic de nuevo en Apply en Market Watch -&gt; setup -&gt; Connections.<br \/><strong>\u00a1Atenci\u00f3n!<\/strong> No se recomienda operar simult\u00e1neamente en la misma cuenta en VolFix y en otro terminal de trading.<br \/><strong>\u00a1Atenci\u00f3n!<\/strong> Sus credenciales se almacenan en los servidores de la plataforma VolFix. Esta informaci\u00f3n siempre est\u00e1 encriptada mientras se almacena y se transfiere. El personal de VolFix no tiene acceso a sus datos de inicio de sesi\u00f3n y contrase\u00f1a.<\/p><\/blockquote>                    <\/div>\n\t\t        \n                    <div id=\"rithmic-tab\" class=\"clearfix eael-tab-content-item inactive\" data-title-link=\"rithmic-tab\">\n\t\t\t\t        <p><img decoding=\"async\" class=\"alignnone size-medium wp-image-5931\" src=\"https:\/\/volfix.net\/wp-content\/uploads\/2024\/06\/rithmic1-300x79-1.png\" alt=\"rithmic\" width=\"300\" height=\"79\" \/><\/p><h5><span style=\"color: #9ca8ae\">La plataforma ofrece funcionalidad completa para enviar \u00f3rdenes a trav\u00e9s de Rithmic<\/span><\/h5><p><a href=\"https:\/\/www.rithmic.com\/introducingbrokers\" target=\"_blank\" rel=\"noopener noreferrer\">Lista de brokers que soportan Rithmic<\/a><\/p><p><strong>Conexi\u00f3n a Rithmic:<\/strong><br \/><strong>1.<\/strong> Descargue e instale <a href=\"http:\/\/www3.rithmic.com\/?page_id=16\" target=\"_blank\" rel=\"noopener noreferrer\">R|Trader<\/a>. Ejecute R|Trader. Firme la licencia CME. Cierre R|Trader.<br \/><strong>2.<\/strong> Market Watch -&gt; setup -&gt; Connections<br \/><strong>3.<\/strong> New -&gt; Rithmic<br \/><strong>4.<\/strong> Ingrese su login y contrase\u00f1a de Rithmic<br \/><strong>5.<\/strong> Haga clic en Apply<br \/><strong>6.<\/strong> Despu\u00e9s de una conexi\u00f3n exitosa, cierre la ventana de Conexiones Rithmic<br \/><strong>7.<\/strong> Seleccione su cuenta XXXXX RT de la lista<br \/><strong>8.<\/strong> Todo est\u00e1 listo para comenzar a operar<\/p><p>Todas las \u00f3rdenes complejas (T\/S, S\/L, T\/P, Trigger) se procesan y almacenan en el servidor, y funcionar\u00e1n incluso con el terminal cerrado.<br \/>Puede conectarse simult\u00e1neamente a cualquier n\u00famero de logins de Rithmic (3 logins gratuitos).<\/p><blockquote><p><strong>\u00a1Atenci\u00f3n!<\/strong> Si hay un error de conexi\u00f3n, haga lo siguiente: Ponga State=OFF, haga clic en Apply, luego ponga State=ON y haga clic en Market Watch -&gt; setup -&gt; Connections.<\/p><p><strong>\u00a1Atenci\u00f3n!<\/strong> No se recomienda operar la misma cuenta en VolFix y en otro terminal de trading simult\u00e1neamente.<\/p><p><strong>\u00a1Atenci\u00f3n!<\/strong> Sus credenciales est\u00e1n almacenadas en los servidores de la plataforma VolFix. Esta informaci\u00f3n est\u00e1 siempre encriptada durante su almacenamiento y transferencia. El equipo de VolFix no tiene acceso a sus datos de login y contrase\u00f1a.<\/p><\/blockquote>                    <\/div>\n\t\t        \n                    <div id=\"binance-tab\" class=\"clearfix eael-tab-content-item inactive\" data-title-link=\"binance-tab\">\n\t\t\t\t        <h5><span style=\"color: #9ca8ae\">La plataforma tiene la capacidad completa para enviar \u00f3rdenes a trav\u00e9s de Binance<\/span><\/h5><p><strong>Conexi\u00f3n a Binance:<\/strong><br \/><strong>1.<\/strong> Market Watch -&gt; setup -&gt; Connections<br \/><strong>2.<\/strong> Haz clic en New -&gt; Crypto<br \/><strong>3.<\/strong> Elige Binance en el campo System<br \/><strong>4.<\/strong> Introduce el nombre de la conexi\u00f3n (inventado) en el campo Name<br \/><strong>5.<\/strong> Introduce tu clave API y la clave secreta de tu cuenta de Binance<br \/><strong>6.<\/strong> Haz clic en Apply<br \/><strong>7.<\/strong> Tras la conexi\u00f3n exitosa, cierra la ventana de conexiones de Binance<br \/><strong>8.<\/strong> Selecciona tu cuenta \u00abConnection Name\u00bb CRYPTO en la lista de cuentas<br \/><strong>9.<\/strong> Todo est\u00e1 listo para comenzar a operar<\/p><p>Todas las \u00f3rdenes complejas (T\/S, S\/L, T\/P, Trigger) se procesan y almacenan en el servidor y funcionar\u00e1n con el terminal cerrado.<br \/>Puedes conectar hasta 5 cuentas de Binance simult\u00e1neamente.<\/p><blockquote><p><strong>\u00a1Atenci\u00f3n!<\/strong> Si hay un error de conexi\u00f3n, haz lo siguiente: Configura State=OFF, haz clic en Apply, luego configura State=ON y haz clic en Market Watch -&gt; setup -&gt; Connections.<\/p><p><strong>\u00a1Atenci\u00f3n!<\/strong> No se recomienda operar simult\u00e1neamente la misma cuenta en VolFix y en otro terminal de trading.<\/p><p><strong>\u00a1Atenci\u00f3n!\u00a0<\/strong> Tus credenciales se almacenan en los servidores de la plataforma VolFix. Esta informaci\u00f3n siempre est\u00e1 encriptada durante el almacenamiento y la transferencia. El personal de VolFix no tiene acceso a tus datos de inicio de sesi\u00f3n y contrase\u00f1a.<\/p><\/blockquote>                    <\/div>\n\t\t                    <\/div>\n        <\/div>\n\t\t\t\t<\/div>\n\t\t\t\t<\/div>\n\t\t\t\t\t<\/div>\n\t\t\t\t<\/div>\n\t\t\t\t<\/div>\n\t\t","protected":false},"excerpt":{"rendered":"<p>PUERTAS DE ENLACE DISPONIBLES C\u00d3MO CONECTAR EL ORDER WINDOW CQG Rithmic Binance La plataforma cuenta con todas las funciones necesarias para enviar \u00f3rdenes a trav\u00e9s de CQG Lista de brokers que ofrecen CQG Conexi\u00f3n a CQG:1. Market Watch -&gt; setup -&gt; Connections2. New -&gt; CQG3. Introduzca los datos de su cuenta CQG y la contrase\u00f1a4. [&hellip;]<\/p>\n","protected":false},"author":1,"featured_media":0,"parent":0,"menu_order":0,"comment_status":"closed","ping_status":"closed","template":"elementor_header_footer","meta":{"footnotes":""},"categories":[],"tags":[],"class_list":["post-3059","page","type-page","status-publish","hentry"],"aioseo_notices":[],"_links":{"self":[{"href":"https:\/\/volfix.net\/es\/wp-json\/wp\/v2\/pages\/3059","targetHints":{"allow":["GET"]}}],"collection":[{"href":"https:\/\/volfix.net\/es\/wp-json\/wp\/v2\/pages"}],"about":[{"href":"https:\/\/volfix.net\/es\/wp-json\/wp\/v2\/types\/page"}],"author":[{"embeddable":true,"href":"https:\/\/volfix.net\/es\/wp-json\/wp\/v2\/users\/1"}],"replies":[{"embeddable":true,"href":"https:\/\/volfix.net\/es\/wp-json\/wp\/v2\/comments?post=3059"}],"version-history":[{"count":34,"href":"https:\/\/volfix.net\/es\/wp-json\/wp\/v2\/pages\/3059\/revisions"}],"predecessor-version":[{"id":8291,"href":"https:\/\/volfix.net\/es\/wp-json\/wp\/v2\/pages\/3059\/revisions\/8291"}],"wp:attachment":[{"href":"https:\/\/volfix.net\/es\/wp-json\/wp\/v2\/media?parent=3059"}],"wp:term":[{"taxonomy":"category","embeddable":true,"href":"https:\/\/volfix.net\/es\/wp-json\/wp\/v2\/categories?post=3059"},{"taxonomy":"post_tag","embeddable":true,"href":"https:\/\/volfix.net\/es\/wp-json\/wp\/v2\/tags?post=3059"}],"curies":[{"name":"wp","href":"https:\/\/api.w.org\/{rel}","templated":true}]}}