{"id":3058,"date":"2024-09-13T04:10:25","date_gmt":"2024-09-13T03:10:25","guid":{"rendered":"https:\/\/new.volfix.net\/?page_id=3058"},"modified":"2025-09-01T14:22:41","modified_gmt":"2025-09-01T13:22:41","slug":"trading-gateways-de","status":"publish","type":"page","link":"https:\/\/volfix.net\/de\/trading-gateways-de\/","title":{"rendered":"Handels-Gateways"},"content":{"rendered":"\t\t<div data-elementor-type=\"wp-post\" data-elementor-id=\"3058\" class=\"elementor elementor-3058 elementor-591\" data-elementor-post-type=\"page\">\n\t\t\t\t<div class=\"elementor-element elementor-element-700d78e e-con-full e-flex e-con e-parent\" data-id=\"700d78e\" data-element_type=\"container\" data-e-type=\"container\" data-settings=\"{&quot;background_background&quot;:&quot;classic&quot;,&quot;motion_fx_motion_fx_scrolling&quot;:&quot;yes&quot;,&quot;motion_fx_devices&quot;:[&quot;desktop&quot;,&quot;tablet&quot;,&quot;mobile&quot;]}\">\n\t\t<div class=\"elementor-element elementor-element-3d5b341 e-con-full e-flex e-con e-child\" data-id=\"3d5b341\" data-element_type=\"container\" data-e-type=\"container\">\n\t\t\t\t<div class=\"elementor-element elementor-element-a34ffa8 elementor-widget elementor-widget-template\" data-id=\"a34ffa8\" data-element_type=\"widget\" data-e-type=\"widget\" data-widget_type=\"template.default\">\n\t\t\t\t<div class=\"elementor-widget-container\">\n\t\t\t\t\t\t\t<div class=\"elementor-template\">\n\t\t\t\t\t<div data-elementor-type=\"container\" data-elementor-id=\"1533\" class=\"elementor elementor-1533\" data-elementor-post-type=\"elementor_library\">\n\t\t\t\t<div class=\"elementor-element elementor-element-1ddc51c1 e-flex e-con-boxed e-con e-child\" data-id=\"1ddc51c1\" data-element_type=\"container\" data-e-type=\"container\" data-settings=\"{&quot;motion_fx_motion_fx_scrolling&quot;:&quot;yes&quot;,&quot;motion_fx_opacity_effect&quot;:&quot;yes&quot;,&quot;motion_fx_opacity_direction&quot;:&quot;in-out&quot;,&quot;motion_fx_opacity_level&quot;:{&quot;unit&quot;:&quot;px&quot;,&quot;size&quot;:12,&quot;sizes&quot;:[]},&quot;motion_fx_opacity_range&quot;:{&quot;unit&quot;:&quot;%&quot;,&quot;size&quot;:&quot;&quot;,&quot;sizes&quot;:{&quot;start&quot;:98,&quot;end&quot;:99}},&quot;motion_fx_range&quot;:&quot;viewport&quot;,&quot;motion_fx_devices&quot;:[&quot;desktop&quot;,&quot;tablet&quot;,&quot;mobile&quot;]}\">\n\t\t\t\t\t<div class=\"e-con-inner\">\n\t\t\t\t<div class=\"elementor-element elementor-element-46516598 elementor-widget elementor-widget-global elementor-global-1527 elementor-widget-heading\" data-id=\"46516598\" data-element_type=\"widget\" data-e-type=\"widget\" data-widget_type=\"heading.default\">\n\t\t\t\t<div class=\"elementor-widget-container\">\n\t\t\t\t\t<h2 class=\"elementor-heading-title elementor-size-default\">Handels-Gateways<\/h2>\t\t\t\t<\/div>\n\t\t\t\t<\/div>\n\t\t\t\t<div class=\"elementor-element elementor-element-492f2761 elementor-widget-divider--view-line elementor-widget elementor-widget-global elementor-global-1470 elementor-widget-divider\" data-id=\"492f2761\" data-element_type=\"widget\" data-e-type=\"widget\" data-widget_type=\"divider.default\">\n\t\t\t\t<div class=\"elementor-widget-container\">\n\t\t\t\t\t\t\t<div class=\"elementor-divider\">\n\t\t\t<span class=\"elementor-divider-separator\">\n\t\t\t\t\t\t<\/span>\n\t\t<\/div>\n\t\t\t\t\t\t<\/div>\n\t\t\t\t<\/div>\n\t\t\t\t<div class=\"elementor-element elementor-element-46368db elementor-widget elementor-widget-global elementor-global-1530 elementor-widget-text-editor\" data-id=\"46368db\" data-element_type=\"widget\" data-e-type=\"widget\" data-widget_type=\"text-editor.default\">\n\t\t\t\t<div class=\"elementor-widget-container\">\n\t\t\t\t\t\t\t\t\tVERBINDEN SIE IHR ORDER WINDOW MIT DIREKTDATENFEED\t\t\t\t\t\t\t\t<\/div>\n\t\t\t\t<\/div>\n\t\t\t\t\t<\/div>\n\t\t\t\t<\/div>\n\t\t\t\t<\/div>\n\t\t\t\t<\/div>\n\t\t\t\t\t\t<\/div>\n\t\t\t\t<\/div>\n\t\t\t\t<\/div>\n\t\t\t\t<\/div>\n\t\t<div class=\"elementor-element elementor-element-aa98ae5 e-flex e-con-boxed e-con e-parent\" data-id=\"aa98ae5\" data-element_type=\"container\" data-e-type=\"container\">\n\t\t\t\t\t<div class=\"e-con-inner\">\n\t\t<div class=\"elementor-element elementor-element-5f95179 e-con-full e-flex e-con e-child\" data-id=\"5f95179\" data-element_type=\"container\" data-e-type=\"container\">\n\t\t\t\t<div class=\"elementor-element elementor-element-ea2863d elementor-widget elementor-widget-heading\" data-id=\"ea2863d\" data-element_type=\"widget\" data-e-type=\"widget\" data-widget_type=\"heading.default\">\n\t\t\t\t<div class=\"elementor-widget-container\">\n\t\t\t\t\t<h2 class=\"elementor-heading-title elementor-size-default\">VERF\u00dcGBARE HANDELS-GATEWAYS<\/h2>\t\t\t\t<\/div>\n\t\t\t\t<\/div>\n\t\t\t\t<div class=\"elementor-element elementor-element-f590bf6 elementor-widget-divider--view-line elementor-widget elementor-widget-divider\" data-id=\"f590bf6\" data-element_type=\"widget\" data-e-type=\"widget\" data-widget_type=\"divider.default\">\n\t\t\t\t<div class=\"elementor-widget-container\">\n\t\t\t\t\t\t\t<div class=\"elementor-divider\">\n\t\t\t<span class=\"elementor-divider-separator\">\n\t\t\t\t\t\t<\/span>\n\t\t<\/div>\n\t\t\t\t\t\t<\/div>\n\t\t\t\t<\/div>\n\t\t\t\t<div class=\"elementor-element elementor-element-0728b75 elementor-widget elementor-widget-heading\" data-id=\"0728b75\" data-element_type=\"widget\" data-e-type=\"widget\" data-widget_type=\"heading.default\">\n\t\t\t\t<div class=\"elementor-widget-container\">\n\t\t\t\t\t<h2 class=\"elementor-heading-title elementor-size-default\">SO VERBINDEN SIE DAS ORDER WINDOW<\/h2>\t\t\t\t<\/div>\n\t\t\t\t<\/div>\n\t\t\t\t<\/div>\n\t\t\t\t<div class=\"elementor-element elementor-element-cad9679 elementor-widget elementor-widget-eael-adv-tabs\" data-id=\"cad9679\" data-element_type=\"widget\" data-e-type=\"widget\" data-widget_type=\"eael-adv-tabs.default\">\n\t\t\t\t<div class=\"elementor-widget-container\">\n\t\t\t\t\t        <div data-scroll-on-click=\"no\" data-scroll-speed=\"300\" id=\"eael-advance-tabs-cad9679\" class=\"eael-advance-tabs eael-tabs-vertical eael-tab-auto-active  active-caret-on\" data-tabid=\"cad9679\">\n            <div class=\"eael-tabs-nav \">\n                <ul class=\"eael-tab-inline-icon\" role=\"tablist\">\n                                            <li id=\"cqg\" class=\"active-default eael-tab-item-trigger eael-tab-nav-item\" aria-selected=\"true\" data-tab=\"1\" role=\"tab\" tabindex=\"0\" aria-controls=\"cqg-tab\" aria-expanded=\"false\">\n                            \n                                                                <svg xmlns=\"http:\/\/www.w3.org\/2000\/svg\" width=\"1em\" height=\"1em\" viewBox=\"0 0 24 24\"><path fill=\"currentColor\" d=\"M10 20a2.98 2.98 0 0 1-2.122-.879C7.312 18.555 7 17.801 7 17s.312-1.555.879-2.122L10.757 12L7.879 9.121C7.312 8.555 7 7.801 7 7s.312-1.555.879-2.122c1.133-1.132 3.109-1.133 4.243.001L19.243 12l-7.122 7.121A2.976 2.976 0 0 1 10 20m0-14a.995.995 0 0 0-1 1c0 .267.104.518.293.707L13.585 12l-4.292 4.293C9.104 16.482 9 16.732 9 17s.104.518.293.707a1.023 1.023 0 0 0 1.414.001L16.415 12l-5.708-5.707A.991.991 0 0 0 10 6\"><\/path><\/svg>                                                            \n                                                            <span class=\"eael-tab-title title-after-icon\" >CQG<\/span>                            \n                                                    <\/li>\n                                            <li id=\"rithmic\" class=\"inactive eael-tab-item-trigger eael-tab-nav-item\" aria-selected=\"false\" data-tab=\"2\" role=\"tab\" tabindex=\"-1\" aria-controls=\"rithmic-tab\" aria-expanded=\"false\">\n                            \n                                                                <svg xmlns=\"http:\/\/www.w3.org\/2000\/svg\" width=\"1em\" height=\"1em\" viewBox=\"0 0 24 24\"><path fill=\"currentColor\" d=\"M10 20a2.98 2.98 0 0 1-2.122-.879C7.312 18.555 7 17.801 7 17s.312-1.555.879-2.122L10.757 12L7.879 9.121C7.312 8.555 7 7.801 7 7s.312-1.555.879-2.122c1.133-1.132 3.109-1.133 4.243.001L19.243 12l-7.122 7.121A2.976 2.976 0 0 1 10 20m0-14a.995.995 0 0 0-1 1c0 .267.104.518.293.707L13.585 12l-4.292 4.293C9.104 16.482 9 16.732 9 17s.104.518.293.707a1.023 1.023 0 0 0 1.414.001L16.415 12l-5.708-5.707A.991.991 0 0 0 10 6\"><\/path><\/svg>                                                            \n                                                            <span class=\"eael-tab-title title-after-icon\" >Rithmic<\/span>                            \n                                                    <\/li>\n                                            <li id=\"binance\" class=\"inactive eael-tab-item-trigger eael-tab-nav-item\" aria-selected=\"false\" data-tab=\"3\" role=\"tab\" tabindex=\"-1\" aria-controls=\"binance-tab\" aria-expanded=\"false\">\n                            \n                                                                <svg xmlns=\"http:\/\/www.w3.org\/2000\/svg\" width=\"1em\" height=\"1em\" viewBox=\"0 0 24 24\"><path fill=\"currentColor\" d=\"M10 20a2.98 2.98 0 0 1-2.122-.879C7.312 18.555 7 17.801 7 17s.312-1.555.879-2.122L10.757 12L7.879 9.121C7.312 8.555 7 7.801 7 7s.312-1.555.879-2.122c1.133-1.132 3.109-1.133 4.243.001L19.243 12l-7.122 7.121A2.976 2.976 0 0 1 10 20m0-14a.995.995 0 0 0-1 1c0 .267.104.518.293.707L13.585 12l-4.292 4.293C9.104 16.482 9 16.732 9 17s.104.518.293.707a1.023 1.023 0 0 0 1.414.001L16.415 12l-5.708-5.707A.991.991 0 0 0 10 6\"><\/path><\/svg>                                                            \n                                                            <span class=\"eael-tab-title title-after-icon\" >Binance<\/span>                            \n                                                    <\/li>\n                    \n                                  <\/ul>\n            <\/div>\n            \n            <div class=\"eael-tabs-content\">\n\t\t        \n                    <div id=\"cqg-tab\" class=\"clearfix eael-tab-content-item active-default\" data-title-link=\"cqg-tab\">\n\t\t\t\t        <p><img decoding=\"async\" class=\"size-medium wp-image-5924\" src=\"https:\/\/volfix.net\/wp-content\/uploads\/2024\/06\/cqg_logo1-300x72-1.jpg\" alt=\"cqg_logo_color_gray\" width=\"300\" height=\"72\" \/><\/p><h5><span style=\"color: #9ca8ae\">Die Plattform verf\u00fcgt \u00fcber vollst\u00e4ndige Funktionen, um Auftr\u00e4ge \u00fcber CQG zu senden<\/span><\/h5><p><a href=\"http:\/\/www.cqg.com\/partners\/fcms\" target=\"_blank\" rel=\"noopener noreferrer\">Liste der Broker, die CQG anbieten<\/a><\/p><p><strong>Verbindung zu CQG:<\/strong><br \/><strong>1.<\/strong> Market Watch -&gt; setup -&gt; Connections<br \/><strong>2.<\/strong> New -&gt; CQG<br \/><strong>3.<\/strong> Geben Sie Ihren CQG-Account-Login und Ihr Passwort ein<br \/><strong>4.<\/strong> Klicken Sie auf Apply<br \/><strong>5.<\/strong> Schlie\u00dfen Sie nach erfolgreicher Verbindung das CQG-Verbindungsfenster<br \/><strong>6.<\/strong> W\u00e4hlen Sie Ihr Konto XXXXX CQG aus der Konto-Liste aus<br \/><strong>7.<\/strong> Alles ist bereit f\u00fcr den Beginn des Handels<\/p><p>Alle komplexen Auftr\u00e4ge (T\/S, S\/L, T\/P, Trigger) werden serverseitig verarbeitet und funktionieren auch bei geschlossenem Terminal.<br \/>Sie k\u00f6nnen sich gleichzeitig mit mehreren CQG-Logins verbinden (3 Logins kostenlos).<\/p><blockquote><p><strong>Achtung!<\/strong> Bei einem Verbindungsfehler setzen Sie den Status auf OFF, klicken Sie auf Apply, dann setzen Sie den Status auf ON und klicken Sie erneut auf Apply in Market Watch -&gt; setup -&gt; Connections.<br \/><strong>Achtung!<\/strong> Es wird nicht empfohlen, das gleiche Konto gleichzeitig in VolFix und einem anderen Trading-Terminal zu verwenden.<br \/><strong>Achtung!<\/strong> Ihre Anmeldedaten werden auf den VolFix-Plattformservern gespeichert. Diese Informationen werden immer verschl\u00fcsselt, w\u00e4hrend sie gespeichert und \u00fcbertragen werden. VolFix-Mitarbeiter haben keinen Zugriff auf Ihre Login- und Passwortdaten.<\/p><\/blockquote>                    <\/div>\n\t\t        \n                    <div id=\"rithmic-tab\" class=\"clearfix eael-tab-content-item inactive\" data-title-link=\"rithmic-tab\">\n\t\t\t\t        <p><img decoding=\"async\" class=\"alignnone size-medium wp-image-5931\" src=\"https:\/\/volfix.net\/wp-content\/uploads\/2024\/06\/rithmic1-300x79-1.png\" alt=\"rithmic\" width=\"300\" height=\"79\" \/><\/p><h5><span style=\"color: #9ca8ae\">Die Plattform bietet die volle Funktionalit\u00e4t f\u00fcr das Senden von Auftr\u00e4gen \u00fcber Rithmic<\/span><\/h5><p><a href=\"https:\/\/www.rithmic.com\/introducingbrokers\" target=\"_blank\" rel=\"noopener noreferrer\">Liste der Broker, die Rithmic unterst\u00fctzen<\/a><\/p><p><strong>Verbinden mit Rithmic:<\/strong><br \/><strong>1.<\/strong> Laden Sie <a href=\"http:\/\/www3.rithmic.com\/?page_id=16\" target=\"_blank\" rel=\"noopener noreferrer\">R|Trader<\/a> herunter und installieren Sie es. F\u00fchren Sie R|Trader aus. Unterzeichnen Sie die CME-Lizenz. Schlie\u00dfen Sie R|Trader.<br \/><strong>2.<\/strong> Market Watch -&gt; setup -&gt; Connections<br \/><strong>3.<\/strong> New -&gt; Rithmic<br \/><strong>4.<\/strong> Geben Sie Ihren Rithmic-Account-Login und das Passwort ein<br \/><strong>5.<\/strong> Klicken Sie auf Apply<br \/><strong>6.<\/strong> Nach erfolgreicher Verbindung schlie\u00dfen Sie das Rithmic-Verbindungsfenster<br \/><strong>7.<\/strong> W\u00e4hlen Sie Ihr Konto XXXXX RT aus der Liste<br \/><strong>8.<\/strong> Alles ist bereit f\u00fcr den Beginn des Handels<\/p><p>Alle komplexen Auftr\u00e4ge (T\/S, S\/L, T\/P, Trigger) werden serverseitig verarbeitet und gespeichert und funktionieren auch bei geschlossenem Terminal.<br \/>Sie k\u00f6nnen sich gleichzeitig mit beliebig vielen Rithmic-Logins verbinden (3 Logins sind kostenlos).<\/p><blockquote><p><strong>Achtung!<\/strong> Wenn ein Verbindungsfehler auftritt, tun Sie Folgendes: Setzen Sie State=OFF, klicken Sie auf Apply, dann setzen Sie State=ON und klicken Sie erneut auf Market Watch -&gt; setup -&gt; Connections.<\/p><p><strong>Achtung!<\/strong> Es wird nicht empfohlen, dasselbe Konto gleichzeitig in VolFix und einem anderen Handelsprogramm zu nutzen.<\/p><p><strong>Achtung!<\/strong> Ihre Zugangsdaten werden auf den Servern der VolFix-Plattform gespeichert. Diese Informationen sind bei der Speicherung und \u00dcbertragung immer verschl\u00fcsselt. Das VolFix-Team hat keinen Zugriff auf Ihre Login- und Passwortdaten.<\/p><\/blockquote>                    <\/div>\n\t\t        \n                    <div id=\"binance-tab\" class=\"clearfix eael-tab-content-item inactive\" data-title-link=\"binance-tab\">\n\t\t\t\t        <h5><span style=\"color: #9ca8ae\">Die Plattform bietet vollst\u00e4ndige Funktionen zum Senden von Auftr\u00e4gen \u00fcber Binance<\/span><\/h5><p><strong>Verbindung zu Binance:<\/strong><br \/><strong>1.<\/strong> Market Watch -&gt; setup -&gt; Connections<br \/><strong>2.<\/strong> Klicken Sie auf New -&gt; Crypto<br \/><strong>3.<\/strong> W\u00e4hlen Sie Binance im Feld System aus<br \/><strong>4.<\/strong> Geben Sie einen Verbindungsnamen (selbst ausdenken) im Feld Name ein<br \/><strong>5.<\/strong> Geben Sie Ihren API-Schl\u00fcssel und den geheimen Schl\u00fcssel Ihres Binance-Kontos ein<br \/><strong>6.<\/strong> Klicken Sie auf Apply<br \/><strong>7.<\/strong> Nach erfolgreicher Verbindung schlie\u00dfen Sie das Fenster der Binance-Verbindungen<br \/><strong>8.<\/strong> W\u00e4hlen Sie Ihr Konto &#8222;Verbindungsname&#8220; CRYPTO aus der Konto-Liste aus<br \/><strong>9.<\/strong> Alles ist bereit f\u00fcr den Beginn des Handels<\/p><p>Alle komplexen Auftr\u00e4ge (T\/S, S\/L, T\/P, Trigger) werden serverseitig verarbeitet und gespeichert und funktionieren auch bei geschlossenem Terminal.<br \/>Sie k\u00f6nnen bis zu 5 Binance-Konten gleichzeitig verbinden.<\/p><blockquote><p><strong>Achtung!<\/strong> Wenn ein Verbindungsfehler auftritt, tun Sie Folgendes: Setzen Sie State=OFF, klicken Sie auf Apply, und dann setzen Sie State=ON und klicken erneut auf Market Watch -&gt; setup -&gt; Connections.<\/p><p><strong>Achtung!<\/strong> Es wird nicht empfohlen, dasselbe Konto gleichzeitig in VolFix und in einem anderen Handelsterminal zu verwenden.<\/p><p><strong>Achtung!\u00a0<\/strong> Ihre Zugangsdaten werden auf den Servern der VolFix-Plattform gespeichert. Diese Informationen werden w\u00e4hrend der Speicherung und \u00dcbertragung immer verschl\u00fcsselt. Das VolFix-Team hat keinen Zugriff auf Ihre Login- und Passwortdaten.<\/p><\/blockquote>                    <\/div>\n\t\t                    <\/div>\n        <\/div>\n\t\t\t\t<\/div>\n\t\t\t\t<\/div>\n\t\t\t\t\t<\/div>\n\t\t\t\t<\/div>\n\t\t\t\t<\/div>\n\t\t","protected":false},"excerpt":{"rendered":"<p>VERF\u00dcGBARE HANDELS-GATEWAYS SO VERBINDEN SIE DAS ORDER WINDOW CQG Rithmic Binance Die Plattform verf\u00fcgt \u00fcber vollst\u00e4ndige Funktionen, um Auftr\u00e4ge \u00fcber CQG zu senden Liste der Broker, die CQG anbieten Verbindung zu CQG:1. Market Watch -&gt; setup -&gt; Connections2. New -&gt; CQG3. Geben Sie Ihren CQG-Account-Login und Ihr Passwort ein4. Klicken Sie auf Apply5. Schlie\u00dfen Sie [&hellip;]<\/p>\n","protected":false},"author":1,"featured_media":0,"parent":0,"menu_order":0,"comment_status":"closed","ping_status":"closed","template":"elementor_header_footer","meta":{"footnotes":""},"categories":[],"tags":[],"class_list":["post-3058","page","type-page","status-publish","hentry"],"aioseo_notices":[],"_links":{"self":[{"href":"https:\/\/volfix.net\/de\/wp-json\/wp\/v2\/pages\/3058","targetHints":{"allow":["GET"]}}],"collection":[{"href":"https:\/\/volfix.net\/de\/wp-json\/wp\/v2\/pages"}],"about":[{"href":"https:\/\/volfix.net\/de\/wp-json\/wp\/v2\/types\/page"}],"author":[{"embeddable":true,"href":"https:\/\/volfix.net\/de\/wp-json\/wp\/v2\/users\/1"}],"replies":[{"embeddable":true,"href":"https:\/\/volfix.net\/de\/wp-json\/wp\/v2\/comments?post=3058"}],"version-history":[{"count":28,"href":"https:\/\/volfix.net\/de\/wp-json\/wp\/v2\/pages\/3058\/revisions"}],"predecessor-version":[{"id":8294,"href":"https:\/\/volfix.net\/de\/wp-json\/wp\/v2\/pages\/3058\/revisions\/8294"}],"wp:attachment":[{"href":"https:\/\/volfix.net\/de\/wp-json\/wp\/v2\/media?parent=3058"}],"wp:term":[{"taxonomy":"category","embeddable":true,"href":"https:\/\/volfix.net\/de\/wp-json\/wp\/v2\/categories?post=3058"},{"taxonomy":"post_tag","embeddable":true,"href":"https:\/\/volfix.net\/de\/wp-json\/wp\/v2\/tags?post=3058"}],"curies":[{"name":"wp","href":"https:\/\/api.w.org\/{rel}","templated":true}]}}