{"id":8425,"date":"2024-06-07T15:34:28","date_gmt":"2024-06-07T14:34:28","guid":{"rendered":"https:\/\/volfix.net\/?page_id=591"},"modified":"2025-11-10T09:05:32","modified_gmt":"2025-11-10T09:05:32","slug":"trading-gateways-cs","status":"publish","type":"page","link":"https:\/\/volfix.net\/cs\/trading-gateways-cs\/","title":{"rendered":"Obchodn\u00ed br\u00e1ny"},"content":{"rendered":"\t\t<div data-elementor-type=\"wp-post\" data-elementor-id=\"8425\" class=\"elementor elementor-8425 elementor-591\" data-elementor-post-type=\"page\">\n\t\t\t\t<div class=\"elementor-element elementor-element-700d78e e-con-full e-flex e-con e-parent\" data-id=\"700d78e\" data-element_type=\"container\" data-e-type=\"container\" data-settings=\"{&quot;background_background&quot;:&quot;classic&quot;,&quot;motion_fx_motion_fx_scrolling&quot;:&quot;yes&quot;,&quot;motion_fx_devices&quot;:[&quot;desktop&quot;,&quot;tablet&quot;,&quot;mobile&quot;]}\">\n\t\t<div class=\"elementor-element elementor-element-3d5b341 e-con-full e-flex e-con e-child\" data-id=\"3d5b341\" data-element_type=\"container\" data-e-type=\"container\">\n\t\t\t\t<div class=\"elementor-element elementor-element-a34ffa8 elementor-widget elementor-widget-template\" data-id=\"a34ffa8\" data-element_type=\"widget\" data-e-type=\"widget\" data-widget_type=\"template.default\">\n\t\t\t\t<div class=\"elementor-widget-container\">\n\t\t\t\t\t\t\t<div class=\"elementor-template\">\n\t\t\t\t\t<div data-elementor-type=\"container\" data-elementor-id=\"1533\" class=\"elementor elementor-1533\" data-elementor-post-type=\"elementor_library\">\n\t\t\t\t<div class=\"elementor-element elementor-element-1ddc51c1 e-flex e-con-boxed e-con e-child\" data-id=\"1ddc51c1\" data-element_type=\"container\" data-e-type=\"container\" data-settings=\"{&quot;motion_fx_motion_fx_scrolling&quot;:&quot;yes&quot;,&quot;motion_fx_opacity_effect&quot;:&quot;yes&quot;,&quot;motion_fx_opacity_direction&quot;:&quot;in-out&quot;,&quot;motion_fx_opacity_level&quot;:{&quot;unit&quot;:&quot;px&quot;,&quot;size&quot;:12,&quot;sizes&quot;:[]},&quot;motion_fx_opacity_range&quot;:{&quot;unit&quot;:&quot;%&quot;,&quot;size&quot;:&quot;&quot;,&quot;sizes&quot;:{&quot;start&quot;:98,&quot;end&quot;:99}},&quot;motion_fx_range&quot;:&quot;viewport&quot;,&quot;motion_fx_devices&quot;:[&quot;desktop&quot;,&quot;tablet&quot;,&quot;mobile&quot;]}\">\n\t\t\t\t\t<div class=\"e-con-inner\">\n\t\t\t\t<div class=\"elementor-element elementor-element-46516598 elementor-widget elementor-widget-global elementor-global-1527 elementor-widget-heading\" data-id=\"46516598\" data-element_type=\"widget\" data-e-type=\"widget\" data-widget_type=\"heading.default\">\n\t\t\t\t<div class=\"elementor-widget-container\">\n\t\t\t\t\t<h2 class=\"elementor-heading-title elementor-size-default\">Obchodn\u00ed br\u00e1ny<\/h2>\t\t\t\t<\/div>\n\t\t\t\t<\/div>\n\t\t\t\t<div class=\"elementor-element elementor-element-492f2761 elementor-widget-divider--view-line elementor-widget elementor-widget-global elementor-global-1470 elementor-widget-divider\" data-id=\"492f2761\" data-element_type=\"widget\" data-e-type=\"widget\" data-widget_type=\"divider.default\">\n\t\t\t\t<div class=\"elementor-widget-container\">\n\t\t\t\t\t\t\t<div class=\"elementor-divider\">\n\t\t\t<span class=\"elementor-divider-separator\">\n\t\t\t\t\t\t<\/span>\n\t\t<\/div>\n\t\t\t\t\t\t<\/div>\n\t\t\t\t<\/div>\n\t\t\t\t<div class=\"elementor-element elementor-element-46368db elementor-widget elementor-widget-global elementor-global-1530 elementor-widget-text-editor\" data-id=\"46368db\" data-element_type=\"widget\" data-e-type=\"widget\" data-widget_type=\"text-editor.default\">\n\t\t\t\t<div class=\"elementor-widget-container\">\n\t\t\t\t\t\t\t\t\tPROPOJTE SV\u016eJ OBCHODN\u00cd MODUL S P\u0158\u00cdM\u00ddM DATOV\u00ddM ZDROJEM\t\t\t\t\t\t\t\t<\/div>\n\t\t\t\t<\/div>\n\t\t\t\t\t<\/div>\n\t\t\t\t<\/div>\n\t\t\t\t<\/div>\n\t\t\t\t<\/div>\n\t\t\t\t\t\t<\/div>\n\t\t\t\t<\/div>\n\t\t\t\t<\/div>\n\t\t\t\t<\/div>\n\t\t<div class=\"elementor-element elementor-element-aa98ae5 e-flex e-con-boxed e-con e-parent\" data-id=\"aa98ae5\" data-element_type=\"container\" data-e-type=\"container\">\n\t\t\t\t\t<div class=\"e-con-inner\">\n\t\t<div class=\"elementor-element elementor-element-5f95179 e-con-full e-flex e-con e-child\" data-id=\"5f95179\" data-element_type=\"container\" data-e-type=\"container\">\n\t\t\t\t<div class=\"elementor-element elementor-element-ea2863d elementor-widget elementor-widget-heading\" data-id=\"ea2863d\" data-element_type=\"widget\" data-e-type=\"widget\" data-widget_type=\"heading.default\">\n\t\t\t\t<div class=\"elementor-widget-container\">\n\t\t\t\t\t<h2 class=\"elementor-heading-title elementor-size-default\">DOSTUPN\u00c9 OBCHODN\u00cd BR\u00c1NY\n<\/h2>\t\t\t\t<\/div>\n\t\t\t\t<\/div>\n\t\t\t\t<div class=\"elementor-element elementor-element-f590bf6 elementor-widget-divider--view-line elementor-widget elementor-widget-divider\" data-id=\"f590bf6\" data-element_type=\"widget\" data-e-type=\"widget\" data-widget_type=\"divider.default\">\n\t\t\t\t<div class=\"elementor-widget-container\">\n\t\t\t\t\t\t\t<div class=\"elementor-divider\">\n\t\t\t<span class=\"elementor-divider-separator\">\n\t\t\t\t\t\t<\/span>\n\t\t<\/div>\n\t\t\t\t\t\t<\/div>\n\t\t\t\t<\/div>\n\t\t\t\t<div class=\"elementor-element elementor-element-0728b75 elementor-widget elementor-widget-heading\" data-id=\"0728b75\" data-element_type=\"widget\" data-e-type=\"widget\" data-widget_type=\"heading.default\">\n\t\t\t\t<div class=\"elementor-widget-container\">\n\t\t\t\t\t<h2 class=\"elementor-heading-title elementor-size-default\">JAK P\u0158IPOJIT OBCHODN\u00cd MODUL<\/h2>\t\t\t\t<\/div>\n\t\t\t\t<\/div>\n\t\t\t\t<\/div>\n\t\t\t\t<div class=\"elementor-element elementor-element-cad9679 elementor-widget elementor-widget-eael-adv-tabs\" data-id=\"cad9679\" data-element_type=\"widget\" data-e-type=\"widget\" data-widget_type=\"eael-adv-tabs.default\">\n\t\t\t\t<div class=\"elementor-widget-container\">\n\t\t\t\t\t        <div data-scroll-on-click=\"no\" data-scroll-speed=\"300\" id=\"eael-advance-tabs-cad9679\" class=\"eael-advance-tabs eael-tabs-vertical eael-tab-auto-active  active-caret-on\" data-tabid=\"cad9679\">\n            <div class=\"eael-tabs-nav \">\n                <ul class=\"eael-tab-inline-icon\" role=\"tablist\">\n                                            <li id=\"cqg\" class=\"active-default eael-tab-item-trigger eael-tab-nav-item\" aria-selected=\"true\" data-tab=\"1\" role=\"tab\" tabindex=\"0\" aria-controls=\"cqg-tab\" aria-expanded=\"false\">\n                            \n                                                                <svg xmlns=\"http:\/\/www.w3.org\/2000\/svg\" width=\"1em\" height=\"1em\" viewBox=\"0 0 24 24\"><path fill=\"currentColor\" d=\"M10 20a2.98 2.98 0 0 1-2.122-.879C7.312 18.555 7 17.801 7 17s.312-1.555.879-2.122L10.757 12L7.879 9.121C7.312 8.555 7 7.801 7 7s.312-1.555.879-2.122c1.133-1.132 3.109-1.133 4.243.001L19.243 12l-7.122 7.121A2.976 2.976 0 0 1 10 20m0-14a.995.995 0 0 0-1 1c0 .267.104.518.293.707L13.585 12l-4.292 4.293C9.104 16.482 9 16.732 9 17s.104.518.293.707a1.023 1.023 0 0 0 1.414.001L16.415 12l-5.708-5.707A.991.991 0 0 0 10 6\"><\/path><\/svg>                                                            \n                                                            <span class=\"eael-tab-title title-after-icon\" >CQG<\/span>                            \n                                                    <\/li>\n                                            <li id=\"rithmic\" class=\"inactive eael-tab-item-trigger eael-tab-nav-item\" aria-selected=\"false\" data-tab=\"2\" role=\"tab\" tabindex=\"-1\" aria-controls=\"rithmic-tab\" aria-expanded=\"false\">\n                            \n                                                                <svg xmlns=\"http:\/\/www.w3.org\/2000\/svg\" width=\"1em\" height=\"1em\" viewBox=\"0 0 24 24\"><path fill=\"currentColor\" d=\"M10 20a2.98 2.98 0 0 1-2.122-.879C7.312 18.555 7 17.801 7 17s.312-1.555.879-2.122L10.757 12L7.879 9.121C7.312 8.555 7 7.801 7 7s.312-1.555.879-2.122c1.133-1.132 3.109-1.133 4.243.001L19.243 12l-7.122 7.121A2.976 2.976 0 0 1 10 20m0-14a.995.995 0 0 0-1 1c0 .267.104.518.293.707L13.585 12l-4.292 4.293C9.104 16.482 9 16.732 9 17s.104.518.293.707a1.023 1.023 0 0 0 1.414.001L16.415 12l-5.708-5.707A.991.991 0 0 0 10 6\"><\/path><\/svg>                                                            \n                                                            <span class=\"eael-tab-title title-after-icon\" >Rithmic<\/span>                            \n                                                    <\/li>\n                                            <li id=\"binance\" class=\"inactive eael-tab-item-trigger eael-tab-nav-item\" aria-selected=\"false\" data-tab=\"3\" role=\"tab\" tabindex=\"-1\" aria-controls=\"binance-tab\" aria-expanded=\"false\">\n                            \n                                                                <svg xmlns=\"http:\/\/www.w3.org\/2000\/svg\" width=\"1em\" height=\"1em\" viewBox=\"0 0 24 24\"><path fill=\"currentColor\" d=\"M10 20a2.98 2.98 0 0 1-2.122-.879C7.312 18.555 7 17.801 7 17s.312-1.555.879-2.122L10.757 12L7.879 9.121C7.312 8.555 7 7.801 7 7s.312-1.555.879-2.122c1.133-1.132 3.109-1.133 4.243.001L19.243 12l-7.122 7.121A2.976 2.976 0 0 1 10 20m0-14a.995.995 0 0 0-1 1c0 .267.104.518.293.707L13.585 12l-4.292 4.293C9.104 16.482 9 16.732 9 17s.104.518.293.707a1.023 1.023 0 0 0 1.414.001L16.415 12l-5.708-5.707A.991.991 0 0 0 10 6\"><\/path><\/svg>                                                            \n                                                            <span class=\"eael-tab-title title-after-icon\" >Binance<\/span>                            \n                                                    <\/li>\n                    \n                                  <\/ul>\n            <\/div>\n            \n            <div class=\"eael-tabs-content\">\n\t\t        \n                    <div id=\"cqg-tab\" class=\"clearfix eael-tab-content-item active-default\" data-title-link=\"cqg-tab\">\n\t\t\t\t        <p><img decoding=\"async\" class=\"size-medium wp-image-5924\" src=\"https:\/\/volfix.net\/wp-content\/uploads\/2024\/06\/cqg_logo1-300x72-1.jpg\" alt=\"cqg_logo_color_gray\" width=\"300\" height=\"72\" \/><\/p><h5><span style=\"color: #9ca8ae\">Platforma m\u00e1 plnohodnotnou schopnost odes\u00edlat pokyny p\u0159es CQG<\/span><\/h5><p><a href=\"http:\/\/www.cqg.com\/partners\/fcms\" target=\"_blank\" rel=\"noopener noreferrer\">Seznam broker\u016f poskytuj\u00edc\u00edch CQG<\/a><\/p><p><strong>P\u0159ipojen\u00ed k CQG:<\/strong><br \/><strong>1.<\/strong> Market Watch -&gt; setup -&gt; Connections<br \/><strong>2.<\/strong> New -&gt; CQG<br \/><strong>3.<\/strong> Zadejte p\u0159ihla\u0161ovac\u00ed jm\u00e9no a heslo k \u00fa\u010dtu CQG<br \/><strong>4.<\/strong> Klikn\u011bte na Apply<br \/><strong>5.<\/strong> Po \u00fasp\u011b\u0161n\u00e9m p\u0159ipojen\u00ed zav\u0159ete okno CQG Connections<br \/><strong>6.<\/strong> V seznamu \u00fa\u010dt\u016f vyberte sv\u016fj \u00fa\u010det XXXXX CQG<br \/><strong>7.<\/strong> V\u0161e je p\u0159ipraveno k obchodov\u00e1n\u00ed<\/p><p>V\u0161echny komplexn\u00ed pokyny (T\/S, S\/L, T\/P, Trigger) jsou zpracov\u00e1v\u00e1ny a ukl\u00e1d\u00e1ny na stran\u011b serveru a funguj\u00ed i p\u0159i zav\u0159en\u00e9m termin\u00e1lu.<br \/>M\u016f\u017eete sou\u010dasn\u011b p\u0159ipojit libovoln\u00fd po\u010det p\u0159ihl\u00e1\u0161en\u00ed CQG (3 p\u0159ihl\u00e1\u0161en\u00ed zdarma).<\/p><blockquote><p><strong>Pozor!<\/strong> Dojde-li k chyb\u011b p\u0159ipojen\u00ed, pro op\u011btovn\u00e9 p\u0159ipojen\u00ed k br\u00e1n\u011b prove\u010fte: nastavte State=OFF, klikn\u011bte na Apply, pot\u00e9 nastavte State=ON a znovu klikn\u011bte na Apply a p\u0159ejd\u011bte do Market Watch -&gt; setup -&gt; Connections.<\/p><p><strong>Pozor!<\/strong> Nedoporu\u010duje se sou\u010dasn\u011b obchodovat stejn\u00fd \u00fa\u010det ve VolFix a v jin\u00e9m obchodn\u00edm termin\u00e1lu.<\/p><p><strong>Pozor!<\/strong> Va\u0161e p\u0159ihla\u0161ovac\u00ed \u00fadaje jsou ukl\u00e1d\u00e1ny na serverech platformy VolFix. Tyto informace jsou p\u0159i ukl\u00e1d\u00e1n\u00ed i p\u0159enosu v\u017edy \u0161ifrov\u00e1ny. Person\u00e1l VolFix nem\u00e1 p\u0159\u00edstup k va\u0161im p\u0159ihla\u0161ovac\u00edm \u00fadaj\u016fm.<\/p><\/blockquote>                    <\/div>\n\t\t        \n                    <div id=\"rithmic-tab\" class=\"clearfix eael-tab-content-item inactive\" data-title-link=\"rithmic-tab\">\n\t\t\t\t        <p><img decoding=\"async\" class=\"alignnone size-medium wp-image-5931\" src=\"https:\/\/volfix.net\/wp-content\/uploads\/2024\/06\/rithmic1-300x79-1.png\" alt=\"rithmic\" width=\"300\" height=\"79\" \/><\/p><h5><span style=\"color: #9ca8ae\">Platforma m\u00e1 plnohodnotnou schopnost odes\u00edlat pokyny p\u0159es Rithmic<\/span><\/h5><p><a href=\"https:\/\/www.rithmic.com\/introducingbrokers\" target=\"_blank\" rel=\"noopener noreferrer\">Seznam broker\u016f poskytuj\u00edc\u00edch Rithmic<\/a><\/p><p><strong>P\u0159ipojen\u00ed k Rithmic:<\/strong><br \/><strong>1.<\/strong> St\u00e1hn\u011bte a nainstalujte <a href=\"http:\/\/www3.rithmic.com\/?page_id=16\" target=\"_blank\" rel=\"noopener noreferrer\">R|Trader<\/a>. Spus\u0165te R|Trader. Podepi\u0161te CME licenci. R|Trader zav\u0159ete.<br \/><strong>2.<\/strong> Market Watch -&gt; setup -&gt; Connections<br \/><strong>3.<\/strong> New -&gt; Rithmic<br \/><strong>4.<\/strong> Zadejte p\u0159ihla\u0161ovac\u00ed jm\u00e9no a heslo k \u00fa\u010dtu Rithmic<br \/><strong>5.<\/strong> Klikn\u011bte na Apply<br \/><strong>6.<\/strong> Po \u00fasp\u011b\u0161n\u00e9m p\u0159ipojen\u00ed zav\u0159ete okno Rithmic Connections<br \/><strong>7.<\/strong> V seznamu \u00fa\u010dt\u016f vyberte sv\u016fj \u00fa\u010det XXXXX RT<br \/><strong>8.<\/strong> V\u0161e je p\u0159ipraveno k obchodov\u00e1n\u00ed<\/p><p>V\u0161echny komplexn\u00ed pokyny (T\/S, S\/L, T\/P, Trigger) jsou zpracov\u00e1v\u00e1ny a ukl\u00e1d\u00e1ny na stran\u011b serveru a funguj\u00ed i p\u0159i zav\u0159en\u00e9m termin\u00e1lu.<br \/>M\u016f\u017eete sou\u010dasn\u011b p\u0159ipojit libovoln\u00fd po\u010det p\u0159ihl\u00e1\u0161en\u00ed Rithmic (3 p\u0159ihl\u00e1\u0161en\u00ed zdarma).<\/p><blockquote><p><strong>Pozor!<\/strong> Dojde-li k chyb\u011b p\u0159ipojen\u00ed, pro op\u011btovn\u00e9 p\u0159ipojen\u00ed k br\u00e1n\u011b prove\u010fte: nastavte State=OFF, klikn\u011bte na Apply, pot\u00e9 nastavte State=ON a znovu klikn\u011bte na Apply a p\u0159ejd\u011bte do Market Watch -&gt; setup -&gt; Connections.<\/p><p><strong>Pozor!<\/strong> Nedoporu\u010duje se sou\u010dasn\u011b obchodovat stejn\u00fd \u00fa\u010det ve VolFix a v jin\u00e9m obchodn\u00edm termin\u00e1lu.<\/p><p><strong>Pozor!<\/strong> Va\u0161e p\u0159ihla\u0161ovac\u00ed \u00fadaje jsou ukl\u00e1d\u00e1ny na serverech platformy VolFix. Tyto informace jsou p\u0159i ukl\u00e1d\u00e1n\u00ed i p\u0159enosu v\u017edy \u0161ifrov\u00e1ny. Person\u00e1l VolFix nem\u00e1 p\u0159\u00edstup k va\u0161im p\u0159ihla\u0161ovac\u00edm \u00fadaj\u016fm.<\/p><\/blockquote>                    <\/div>\n\t\t        \n                    <div id=\"binance-tab\" class=\"clearfix eael-tab-content-item inactive\" data-title-link=\"binance-tab\">\n\t\t\t\t        <h5><span style=\"color: #9ca8ae\">Platforma m\u00e1 plnohodnotnou schopnost odes\u00edlat pokyny p\u0159es Binance<\/span><\/h5><p><strong>P\u0159ipojen\u00ed k Binance:<\/strong><br \/><strong>1.<\/strong> Market Watch -&gt; setup -&gt; Connections<br \/><strong>2.<\/strong> Klikn\u011bte na New -&gt; Crypto<br \/><strong>3.<\/strong> V poli System zvolte Binance<br \/><strong>4.<\/strong> Do pole Name zadejte n\u00e1zev p\u0159ipojen\u00ed (zvolte si)<br \/><strong>5.<\/strong> Zadejte API key a secret key sv\u00e9ho \u00fa\u010dtu<br \/><strong>6.<\/strong> Klikn\u011bte na Apply<br \/><strong>7.<\/strong> Po \u00fasp\u011b\u0161n\u00e9m p\u0159ipojen\u00ed zav\u0159ete okno Binance Connections<br \/><strong>8.<\/strong> V seznamu \u00fa\u010dt\u016f vyberte sv\u016fj \u00fa\u010det &#8222;Connection Name&#8220; CRYPTO<br \/><strong>9.<\/strong> V\u0161e je p\u0159ipraveno k obchodov\u00e1n\u00ed<\/p><p>V\u0161echny komplexn\u00ed pokyny (T\/S, S\/L, T\/P, Trigger) jsou zpracov\u00e1v\u00e1ny a ukl\u00e1d\u00e1ny na stran\u011b serveru a funguj\u00ed i p\u0159i zav\u0159en\u00e9m termin\u00e1lu.<br \/>Sou\u010dasn\u011b lze p\u0159ipojit a\u017e 5 \u00fa\u010dt\u016f Binance.<\/p><blockquote><p><strong>Pozor!<\/strong> Dojde-li k chyb\u011b p\u0159ipojen\u00ed, pro op\u011btovn\u00e9 p\u0159ipojen\u00ed k br\u00e1n\u011b prove\u010fte: nastavte State=OFF, klikn\u011bte na Apply, pot\u00e9 nastavte State=ON a znovu klikn\u011bte na Apply a p\u0159ejd\u011bte do Market Watch -&gt; setup -&gt; Connections.<\/p><p><strong>Pozor!<\/strong> Nedoporu\u010duje se sou\u010dasn\u011b obchodovat stejn\u00fd \u00fa\u010det ve VolFix a v jin\u00e9m obchodn\u00edm termin\u00e1lu.<\/p><p><strong>Pozor!<\/strong> Va\u0161e p\u0159ihla\u0161ovac\u00ed \u00fadaje jsou ukl\u00e1d\u00e1ny na serverech platformy VolFix. Tyto informace jsou p\u0159i ukl\u00e1d\u00e1n\u00ed i p\u0159enosu v\u017edy \u0161ifrov\u00e1ny. Person\u00e1l VolFix nem\u00e1 p\u0159\u00edstup k va\u0161im p\u0159ihla\u0161ovac\u00edm \u00fadaj\u016fm.<\/p><\/blockquote>                    <\/div>\n\t\t                    <\/div>\n        <\/div>\n\t\t\t\t<\/div>\n\t\t\t\t<\/div>\n\t\t\t\t\t<\/div>\n\t\t\t\t<\/div>\n\t\t\t\t<\/div>\n\t\t","protected":false},"excerpt":{"rendered":"<p>DOSTUPN\u00c9 OBCHODN\u00cd BR\u00c1NY JAK P\u0158IPOJIT OBCHODN\u00cd MODUL CQG Rithmic Binance Platforma m\u00e1 plnohodnotnou schopnost odes\u00edlat pokyny p\u0159es CQG Seznam broker\u016f poskytuj\u00edc\u00edch CQG P\u0159ipojen\u00ed k CQG:1. Market Watch -&gt; setup -&gt; Connections2. New -&gt; CQG3. Zadejte p\u0159ihla\u0161ovac\u00ed jm\u00e9no a heslo k \u00fa\u010dtu CQG4. Klikn\u011bte na Apply5. Po \u00fasp\u011b\u0161n\u00e9m p\u0159ipojen\u00ed zav\u0159ete okno CQG Connections6. V seznamu \u00fa\u010dt\u016f [&hellip;]<\/p>\n","protected":false},"author":1,"featured_media":0,"parent":0,"menu_order":0,"comment_status":"closed","ping_status":"closed","template":"elementor_header_footer","meta":{"footnotes":""},"categories":[],"tags":[],"class_list":["post-8425","page","type-page","status-publish","hentry"],"aioseo_notices":[],"_links":{"self":[{"href":"https:\/\/volfix.net\/cs\/wp-json\/wp\/v2\/pages\/8425","targetHints":{"allow":["GET"]}}],"collection":[{"href":"https:\/\/volfix.net\/cs\/wp-json\/wp\/v2\/pages"}],"about":[{"href":"https:\/\/volfix.net\/cs\/wp-json\/wp\/v2\/types\/page"}],"author":[{"embeddable":true,"href":"https:\/\/volfix.net\/cs\/wp-json\/wp\/v2\/users\/1"}],"replies":[{"embeddable":true,"href":"https:\/\/volfix.net\/cs\/wp-json\/wp\/v2\/comments?post=8425"}],"version-history":[{"count":5,"href":"https:\/\/volfix.net\/cs\/wp-json\/wp\/v2\/pages\/8425\/revisions"}],"predecessor-version":[{"id":8559,"href":"https:\/\/volfix.net\/cs\/wp-json\/wp\/v2\/pages\/8425\/revisions\/8559"}],"wp:attachment":[{"href":"https:\/\/volfix.net\/cs\/wp-json\/wp\/v2\/media?parent=8425"}],"wp:term":[{"taxonomy":"category","embeddable":true,"href":"https:\/\/volfix.net\/cs\/wp-json\/wp\/v2\/categories?post=8425"},{"taxonomy":"post_tag","embeddable":true,"href":"https:\/\/volfix.net\/cs\/wp-json\/wp\/v2\/tags?post=8425"}],"curies":[{"name":"wp","href":"https:\/\/api.w.org\/{rel}","templated":true}]}}