{"id":8407,"date":"2024-09-19T12:01:56","date_gmt":"2024-09-19T11:01:56","guid":{"rendered":"https:\/\/new.volfix.net\/?page_id=4796"},"modified":"2025-11-10T08:49:28","modified_gmt":"2025-11-10T08:49:28","slug":"cc-pay-cs","status":"publish","type":"page","link":"https:\/\/volfix.net\/cs\/cc-pay-cs\/","title":{"rendered":"Platba CC-Avenue"},"content":{"rendered":"\t\t<div data-elementor-type=\"wp-post\" data-elementor-id=\"8407\" class=\"elementor elementor-8407 elementor-4796\" data-elementor-post-type=\"page\">\n\t\t\t\t<div class=\"elementor-element elementor-element-22ff4679 e-con-full e-flex e-con e-parent\" data-id=\"22ff4679\" data-element_type=\"container\" data-e-type=\"container\" data-settings=\"{&quot;background_background&quot;:&quot;classic&quot;}\">\n\t\t<div class=\"elementor-element elementor-element-5f3d1cd5 e-con-full e-flex e-con e-child\" data-id=\"5f3d1cd5\" data-element_type=\"container\" data-e-type=\"container\" data-settings=\"{&quot;background_background&quot;:&quot;classic&quot;}\">\n\t\t<div class=\"elementor-element elementor-element-673c30cd e-con-full e-flex e-con e-child\" data-id=\"673c30cd\" data-element_type=\"container\" data-e-type=\"container\" data-settings=\"{&quot;motion_fx_motion_fx_scrolling&quot;:&quot;yes&quot;,&quot;motion_fx_translateY_direction&quot;:&quot;negative&quot;,&quot;motion_fx_translateY_speed&quot;:{&quot;unit&quot;:&quot;px&quot;,&quot;size&quot;:6.1,&quot;sizes&quot;:[]},&quot;motion_fx_translateY_affectedRange&quot;:{&quot;unit&quot;:&quot;%&quot;,&quot;size&quot;:&quot;&quot;,&quot;sizes&quot;:{&quot;start&quot;:12,&quot;end&quot;:50}},&quot;motion_fx_opacity_effect&quot;:&quot;yes&quot;,&quot;motion_fx_opacity_direction&quot;:&quot;in-out&quot;,&quot;motion_fx_opacity_level&quot;:{&quot;unit&quot;:&quot;px&quot;,&quot;size&quot;:12,&quot;sizes&quot;:[]},&quot;motion_fx_opacity_range&quot;:{&quot;unit&quot;:&quot;%&quot;,&quot;size&quot;:&quot;&quot;,&quot;sizes&quot;:{&quot;start&quot;:98,&quot;end&quot;:100}},&quot;motion_fx_range&quot;:&quot;viewport&quot;,&quot;sticky&quot;:&quot;top&quot;,&quot;motion_fx_translateY_effect&quot;:&quot;yes&quot;,&quot;sticky_effects_offset&quot;:150,&quot;motion_fx_devices&quot;:[&quot;desktop&quot;,&quot;tablet&quot;,&quot;mobile&quot;],&quot;sticky_on&quot;:[&quot;desktop&quot;,&quot;tablet&quot;,&quot;mobile&quot;],&quot;sticky_offset&quot;:0,&quot;sticky_anchor_link_offset&quot;:0}\">\n\t\t\t\t<div class=\"elementor-element elementor-element-6ee0e5d1 elementor-widget elementor-widget-heading\" data-id=\"6ee0e5d1\" data-element_type=\"widget\" data-e-type=\"widget\" data-widget_type=\"heading.default\">\n\t\t\t\t<div class=\"elementor-widget-container\">\n\t\t\t\t\t<h2 class=\"elementor-heading-title elementor-size-default\">Platba kartou<\/h2>\t\t\t\t<\/div>\n\t\t\t\t<\/div>\n\t\t\t\t<\/div>\n\t\t\t\t<\/div>\n\t\t\t\t<\/div>\n\t\t<div class=\"elementor-element elementor-element-aa98ae5 e-flex e-con-boxed e-con e-parent\" data-id=\"aa98ae5\" data-element_type=\"container\" data-e-type=\"container\">\n\t\t\t\t\t<div class=\"e-con-inner\">\n\t\t\t\t<div class=\"elementor-element elementor-element-477ce4f elementor-widget elementor-widget-html\" data-id=\"477ce4f\" data-element_type=\"widget\" data-e-type=\"widget\" data-widget_type=\"html.default\">\n\t\t\t\t<div class=\"elementor-widget-container\">\n\t\t\t\t\t    <style>\r\n        \/* Form styles *\/\r\n        .vf-payment-form {\r\n            background-color: #e5e5e5 !important;\r\n            padding: 20px !important;\r\n            border: 1px solid #ccc !important;\r\n            width: 100% !important;\r\n            max-width: 350px !important;\r\n            margin: 0 auto !important;\r\n        }\r\n\r\n        \/* Text and links styles *\/\r\n        .vf-payment-form p {\r\n            font-size: 16px !important;\r\n            color: #333 !important;\r\n        }\r\n\r\n    .vf-payment-form a {\r\n        color: #f02712 !important;\r\n        text-decoration: none !important;\r\n    }\r\n\r\n    \/* \u0421\u0442\u0438\u043b\u0438 \u0434\u043b\u044f \u0437\u0430\u0433\u043e\u043b\u043e\u0432\u043a\u043e\u0432 \u043f\u043e\u043b\u0435\u0439 *\/\r\n    .vf-payment-label {\r\n        font-size: 12px !important;\r\n        text-transform: uppercase !important;\r\n        display: block !important;\r\n        margin-bottom: 5px !important;\r\n        color: #f02712 !important; \/* \u0426\u0432\u0435\u0442 \u0437\u0430\u0433\u043e\u043b\u043e\u0432\u043a\u043e\u0432 *\/\r\n    }\r\n\r\n         \/* \u0421\u0442\u0438\u043b\u0438 \u043f\u043e\u043b\u0435\u0439 \u0432\u0432\u043e\u0434\u0430 *\/\r\n    .vf-payment-input,\r\n    .vf-payment-select {\r\n        width: 100% !important;\r\n        padding: 10px !important;\r\n        border: 1px solid #ccc !important;\r\n        box-sizing: border-box !important;\r\n        color: #000 !important;\r\n        margin-bottom: 15px !important;\r\n    }\r\n\r\n        \/* Submit button styles *\/\r\n        .btn {\r\n            background-color: #F02712 !important;\r\n            color: white !important;\r\n            padding: 10px !important;\r\n            border: none !important;\r\n            width: 100% !important;\r\n            text-transform: none !important;\r\n            cursor: pointer !important;\r\n            transition: all 0.3s ease !important;\r\n            font-size: 16px !important;\r\n\t\t\tline-height: 24px !important;\r\n        }\r\n\r\n        \/* Submit button hover effect *\/\r\n        .btn:hover {\r\n            background-color: white !important;\r\n            color: #F02712 !important;\r\n            border: 1px solid #F02712 !important;\r\n        }\r\n    <\/style><div class=\"vf-payment-form\"><p><b>P\u0158IJ\u00cdM\u00c1M <\/b><a href=\"..\/terms-service-agreement\/\" target=\"_blank\" rel=\"noopener\">SMLUVN\u00cd PODM\u00cdNKY SLU\u017dBY<\/a><br>Platba spole\u010dnosti VOLFIX LIMITED<br>Za pou\u017e\u00edv\u00e1n\u00ed softwaru VolFix<\/p><form method=\"POST\" class=\"wpcf7\" action=\"https:\/\/lmitrader.com\/a1ccavenue\/ccavrequesthandler.php\" accept-charset=\"utf-8\"><p><label class=\"vf-payment-label\">ID objedn\u00e1vky<\/label><input id=\"order_id\" type=\"text\" name=\"order_id\" value=\"vfc_69e162f078f3\" class=\"vf-payment-input\" required><\/p><p><label class=\"vf-payment-label\">\u010c\u00e1stka<\/label><input id=\"amount\" type=\"number\" step=\"0.01\" min=\"0\" max=\"3000\" name=\"amount\" class=\"vf-payment-input\" required title=\"Zadejte platnou \u010d\u00e1stku!\"><\/p><p><label class=\"vf-payment-label\">M\u011bna<\/label><input type=\"text\" name=\"currency\" value=\"USD\" class=\"vf-payment-input\" readonly><\/p><p><label class=\"vf-payment-label\">P\u0159ihl\u00e1\u0161en\u00ed VolFix<\/label><input id=\"merchant_param1\" type=\"text\" name=\"merchant_param1\" class=\"vf-payment-input\" required title=\"Zadejte p\u0159ihl\u00e1\u0161en\u00ed VolFix!\"><\/p><input type=\"hidden\" name=\"billing_name\" value=\"\"><input type=\"hidden\" name=\"billing_address\" value=\"\"><input type=\"hidden\" name=\"billing_city\" value=\"\"><input type=\"hidden\" name=\"billing_tel\" value=\"\"><input type=\"hidden\" name=\"billing_email\" value=\"\"><input type=\"hidden\" name=\"billing_country\" value=\"\"><input type=\"hidden\" id=\"shipping_preference\" name=\"shipping_preference\" value=\"NO_SHIPPING\" readonly><input type=\"hidden\" id=\"order_items\" name=\"order_items\" value=\"volfix_smart_edu#|#1#|#USD#|#0.00\" readonly><input class=\"btn\" type=\"submit\" id=\"submit\" value=\"Prov\u00e9st platbu\"><\/form><\/div>\t\t\t\t<\/div>\n\t\t\t\t<\/div>\n\t\t\t\t\t<\/div>\n\t\t\t\t<\/div>\n\t\t\t\t<\/div>\n\t\t","protected":false},"excerpt":{"rendered":"","protected":false},"author":1,"featured_media":0,"parent":0,"menu_order":0,"comment_status":"closed","ping_status":"closed","template":"","meta":{"footnotes":""},"categories":[],"tags":[],"class_list":["post-8407","page","type-page","status-publish","hentry"],"aioseo_notices":[],"_links":{"self":[{"href":"https:\/\/volfix.net\/cs\/wp-json\/wp\/v2\/pages\/8407","targetHints":{"allow":["GET"]}}],"collection":[{"href":"https:\/\/volfix.net\/cs\/wp-json\/wp\/v2\/pages"}],"about":[{"href":"https:\/\/volfix.net\/cs\/wp-json\/wp\/v2\/types\/page"}],"author":[{"embeddable":true,"href":"https:\/\/volfix.net\/cs\/wp-json\/wp\/v2\/users\/1"}],"replies":[{"embeddable":true,"href":"https:\/\/volfix.net\/cs\/wp-json\/wp\/v2\/comments?post=8407"}],"version-history":[{"count":8,"href":"https:\/\/volfix.net\/cs\/wp-json\/wp\/v2\/pages\/8407\/revisions"}],"predecessor-version":[{"id":8539,"href":"https:\/\/volfix.net\/cs\/wp-json\/wp\/v2\/pages\/8407\/revisions\/8539"}],"wp:attachment":[{"href":"https:\/\/volfix.net\/cs\/wp-json\/wp\/v2\/media?parent=8407"}],"wp:term":[{"taxonomy":"category","embeddable":true,"href":"https:\/\/volfix.net\/cs\/wp-json\/wp\/v2\/categories?post=8407"},{"taxonomy":"post_tag","embeddable":true,"href":"https:\/\/volfix.net\/cs\/wp-json\/wp\/v2\/tags?post=8407"}],"curies":[{"name":"wp","href":"https:\/\/api.w.org\/{rel}","templated":true}]}}